{"id":75,"date":"2016-09-23T02:55:49","date_gmt":"2016-09-23T02:55:49","guid":{"rendered":"http:\/\/ensy.no\/se\/?page_id=75"},"modified":"2019-09-06T11:02:54","modified_gmt":"2019-09-06T11:02:54","slug":"formular-for-att-rapportera-fel","status":"publish","type":"page","link":"https:\/\/ensy.no\/se\/service-and-maintenance\/formular-for-att-rapportera-fel\/","title":{"rendered":"Formul\u00e4r f\u00f6r att rapportera fel"},"content":{"rendered":"<p>[vc_row][vc_column][vc_single_image image=&#8221;171&#8243; img_size=&#8221;full&#8221; alignment=&#8221;center&#8221;][vc_column_text]Detta elektroniska formul\u00e4r kan skrivas ut och fyllas ut manuellt. Det kan ocks\u00e5 lagras p\u00e5 din lokala dator och sedan fyllas i. Det ifyllda formul\u00e4ret ska l\u00e4nkas till \u201dCASE\u201d nr. i rapporteringssystemet.[\/vc_column_text][vc_raw_html]JTNDdGFibGUlMjBzdHlsZSUzRCUyMndpZHRoJTNBJTIwMTAwJTI1JTNCJTIyJTIwY2VsbHNwYWNpbmclM0QlMjIwJTIyJTIwY2VsbHBhZGRpbmclM0QlMjIwJTIyJTIwYm9yZGVyJTNEJTIyMCUyMiUzRSUzQ2NvbGdyb3VwJTNFJTNDY29sJTIwd2lkdGglM0QlMjI2NCUyMiUzRSUyMCUzQ2NvbCUyMHdpZHRoJTNEJTIyMjI3JTIyJTNFJTIwJTNDY29sJTIwd2lkdGglM0QlMjI4NCUyMiUzRSUyMCUzQ2NvbCUyMHdpZHRoJTNEJTIyNjQlMjIlM0UlM0MlMkZjb2xncm91cCUzRSUwQSUzQ3Rib2R5JTNFJTBBJTNDdHIlM0UlMEElM0N0ZCUyMHdpZHRoJTNEJTIyNjQlMjIlMjBoZWlnaHQlM0QlMjIyMCUyMiUzRSUyNm5ic3AlM0IlM0MlMkZ0ZCUzRSUwQSUzQ3RkJTIwd2lkdGglM0QlMjIyMjclMjIlM0UlM0Nmb3JtJTIwYWN0aW9uJTNEJTIyJTIyJTIwbWV0aG9kJTNEJTIyZ2V0JTIyJTIwZW5jdHlwZSUzRCUyMmFwcGxpY2F0aW9uJTJGeC13d3ctZm9ybS11cmxlbmNvZGVkJTIyJTIwdGFyZ2V0JTNEJTIyJTIyJTNFJTBBJTNDaDMlMjBkaXIlM0QlMjJsdHIlMjIlM0VEb2N1bWVudCUyME5hbWUlM0MlMkZoMyUzRSUwQSUzQyUyRmZvcm0lM0UlM0MlMkZ0ZCUzRSUwQSUzQ3RkJTIwd2lkdGglM0QlMjI4NCUyMiUzRSUwQSUzQ2gzJTNFJTI2bmJzcCUzQiUzQyUyRmgzJTNFJTBBJTNDJTJGdGQlM0UlMEElM0N0ZCUyMHdpZHRoJTNEJTIyNjQlMjIlM0UlMEElM0NoMyUzRUxhbmd1YWdlJTNDJTJGaDMlM0UlMEElM0MlMkZ0ZCUzRSUwQSUzQyUyRnRyJTNFJTBBJTNDdHIlMjBzdHlsZSUzRCUyMmJhY2tncm91bmQtY29sb3IlM0ElMjAlMjM5OWNjZmYlM0IlMjIlM0UlMEElM0N0ZCUyMHN0eWxlJTNEJTIyaGVpZ2h0JTNBJTIwMjRweCUzQiUyMiUzRSUzQ2ltZyUyMHNyYyUzRCUyMmh0dHAlM0ElMkYlMkZlbnN5Lm5vJTJGaW1hZ2VzJTJGaW1hZ2VzJTJGcGRmaWNvbi5wbmclMjIlMjBhbHQlM0QlMjIlMjIlMjBzdHlsZSUzRCUyMmZsb2F0JTNBJTIwcmlnaHQlM0IlMjIlMjBib3JkZXIlM0QlMjIwJTIyJTNFJTNDJTJGdGQlM0UlMEElM0N0ZCUyMHN0eWxlJTNEJTIyaGVpZ2h0JTNBJTIwMjRweCUzQiUyMiUzRSUzQ2ElMjBocmVmJTNEJTIyJTJGaW1hZ2VzJTJGZG9rdW1lbnRhdGlvbiUyRkVsZWN0cm9uaWMlMjBpbmZvcm1hdGlvbiUyMGZvcm0lMjBmb3IlMjByZXBvcnRpbmclMjBidWdzJTIwb24lMjBFblN5JTIwQVNfQUhVJTIwdW5pdHNfUkVWJTIwNS5wZGYlMjIlM0VFbGVjdHJvbmljJTIwaW5mb3JtYXRpb24lMjBmb3JtJTIwZm9yJTIwcmVwb3J0aW5nJTIwYnVncyUyMG9uJTIwRW5TeSUyMEFTJTIwQUhVJTIwdW5pdHMlMjBSRVYlMjA1LiUzQyUyRmElM0UlM0MlMkZ0ZCUzRSUwQSUzQ3RkJTIwc3R5bGUlM0QlMjJoZWlnaHQlM0ElMjAyNHB4JTNCJTIyJTNFJTI2bmJzcCUzQiUzQyUyRnRkJTNFJTBBJTNDdGQlMjBzdHlsZSUzRCUyMmhlaWdodCUzQSUyMDI0cHglM0IlMjIlM0UlMEElM0NwJTNFRW5nbGlzaCUzQyUyRnAlM0UlMEElM0MlMkZ0ZCUzRSUwQSUzQyUyRnRyJTNFJTBBJTNDdHIlM0UlMEElM0N0ZCUyMHN0eWxlJTNEJTIyaGVpZ2h0JTNBJTIwMjRweCUzQiUyMiUzRSUyNm5ic3AlM0IlM0MlMkZ0ZCUzRSUwQSUzQ3RkJTIwc3R5bGUlM0QlMjJoZWlnaHQlM0ElMjAyNHB4JTNCJTIyJTNFJTI2bmJzcCUzQiUzQyUyRnRkJTNFJTBBJTNDdGQlMjBzdHlsZSUzRCUyMmhlaWdodCUzQSUyMDI0cHglM0IlMjIlM0UlMjZuYnNwJTNCJTNDJTJGdGQlM0UlMEElM0N0ZCUyMHN0eWxlJTNEJTIyaGVpZ2h0JTNBJTIwMjRweCUzQiUyMiUzRSUyNm5ic3AlM0IlM0MlMkZ0ZCUzRSUwQSUzQyUyRnRyJTNFJTBBJTNDdHIlMjBzdHlsZSUzRCUyMmJhY2tncm91bmQtY29sb3IlM0ElMjAlMjM5OWNjZmYlM0IlMjIlM0UlMEElM0N0ZCUyMHN0eWxlJTNEJTIyaGVpZ2h0JTNBJTIwMjRweCUzQiUyMiUzRSUyNm5ic3AlM0IlM0MlMkZ0ZCUzRSUwQSUzQ3RkJTIwc3R5bGUlM0QlMjJoZWlnaHQlM0ElMjAyNHB4JTNCJTIyJTNFJTI2bmJzcCUzQiUzQyUyRnRkJTNFJTBBJTNDdGQlMjBzdHlsZSUzRCUyMmhlaWdodCUzQSUyMDI0cHglM0IlMjIlM0UlMjZuYnNwJTNCJTNDJTJGdGQlM0UlMEElM0N0ZCUyMHN0eWxlJTNEJTIyaGVpZ2h0JTNBJTIwMjRweCUzQiUyMiUzRSUyNm5ic3AlM0IlM0MlMkZ0ZCUzRSUwQSUzQyUyRnRyJTNFJTBBJTNDJTJGdGJvZHklM0UlMEElM0MlMkZ0YWJsZSUzRQ==[\/vc_raw_html][\/vc_column][\/vc_row]<\/p>\n","protected":false},"excerpt":{"rendered":"<p>[vc_row][vc_column][vc_single_image image=&#8221;171&#8243; img_size=&#8221;full&#8221; alignment=&#8221;center&#8221;][vc_column_text]Detta elektroniska formul\u00e4r kan skrivas ut och fyllas ut manuellt. Det kan ocks\u00e5 lagras p\u00e5 din lokala dator och sedan fyllas i. Det ifyllda formul\u00e4ret ska l\u00e4nkas till \u201dCASE\u201d nr. i rapporteringssystemet.[\/vc_column_text][vc_raw_html]JTNDdGFibGUlMjBzdHlsZSUzRCUyMndpZHRoJTNBJTIwMTAwJTI1JTNCJTIyJTIwY2VsbHNwYWNpbmclM0QlMjIwJTIyJTIwY2VsbHBhZGRpbmclM0QlMjIwJTIyJTIwYm9yZGVyJTNEJTIyMCUyMiUzRSUzQ2NvbGdyb3VwJTNFJTNDY29sJTIwd2lkdGglM0QlMjI2NCUyMiUzRSUyMCUzQ2NvbCUyMHdpZHRoJTNEJTIyMjI3JTIyJTNFJTIwJTNDY29sJTIwd2lkdGglM0QlMjI4NCUyMiUzRSUyMCUzQ2NvbCUyMHdpZHRoJTNEJTIyNjQlMjIlM0UlM0MlMkZjb2xncm91cCUzRSUwQSUzQ3Rib2R5JTNFJTBBJTNDdHIlM0UlMEElM0N0ZCUyMHdpZHRoJTNEJTIyNjQlMjIlMjBoZWlnaHQlM0QlMjIyMCUyMiUzRSUyNm5ic3AlM0IlM0MlMkZ0ZCUzRSUwQSUzQ3RkJTIwd2lkdGglM0QlMjIyMjclMjIlM0UlM0Nmb3JtJTIwYWN0aW9uJTNEJTIyJTIyJTIwbWV0aG9kJTNEJTIyZ2V0JTIyJTIwZW5jdHlwZSUzRCUyMmFwcGxpY2F0aW9uJTJGeC13d3ctZm9ybS11cmxlbmNvZGVkJTIyJTIwdGFyZ2V0JTNEJTIyJTIyJTNFJTBBJTNDaDMlMjBkaXIlM0QlMjJsdHIlMjIlM0VEb2N1bWVudCUyME5hbWUlM0MlMkZoMyUzRSUwQSUzQyUyRmZvcm0lM0UlM0MlMkZ0ZCUzRSUwQSUzQ3RkJTIwd2lkdGglM0QlMjI4NCUyMiUzRSUwQSUzQ2gzJTNFJTI2bmJzcCUzQiUzQyUyRmgzJTNFJTBBJTNDJTJGdGQlM0UlMEElM0N0ZCUyMHdpZHRoJTNEJTIyNjQlMjIlM0UlMEElM0NoMyUzRUxhbmd1YWdlJTNDJTJGaDMlM0UlMEElM0MlMkZ0ZCUzRSUwQSUzQyUyRnRyJTNFJTBBJTNDdHIlMjBzdHlsZSUzRCUyMmJhY2tncm91bmQtY29sb3IlM0ElMjAlMjM5OWNjZmYlM0IlMjIlM0UlMEElM0N0ZCUyMHN0eWxlJTNEJTIyaGVpZ2h0JTNBJTIwMjRweCUzQiUyMiUzRSUzQ2ltZyUyMHNyYyUzRCUyMmh0dHAlM0ElMkYlMkZlbnN5Lm5vJTJGaW1hZ2VzJTJGaW1hZ2VzJTJGcGRmaWNvbi5wbmclMjIlMjBhbHQlM0QlMjIlMjIlMjBzdHlsZSUzRCUyMmZsb2F0JTNBJTIwcmlnaHQlM0IlMjIlMjBib3JkZXIlM0QlMjIwJTIyJTNFJTNDJTJGdGQlM0UlMEElM0N0ZCUyMHN0eWxlJTNEJTIyaGVpZ2h0JTNBJTIwMjRweCUzQiUyMiUzRSUzQ2ElMjBocmVmJTNEJTIyJTJGaW1hZ2VzJTJGZG9rdW1lbnRhdGlvbiUyRkVsZWN0cm9uaWMlMjBpbmZvcm1hdGlvbiUyMGZvcm0lMjBmb3IlMjByZXBvcnRpbmclMjBidWdzJTIwb24lMjBFblN5JTIwQVNfQUhVJTIwdW5pdHNfUkVWJTIwNS5wZGYlMjIlM0VFbGVjdHJvbmljJTIwaW5mb3JtYXRpb24lMjBmb3JtJTIwZm9yJTIwcmVwb3J0aW5nJTIwYnVncyUyMG9uJTIwRW5TeSUyMEFTJTIwQUhVJTIwdW5pdHMlMjBSRVYlMjA1LiUzQyUyRmElM0UlM0MlMkZ0ZCUzRSUwQSUzQ3RkJTIwc3R5bGUlM0QlMjJoZWlnaHQlM0ElMjAyNHB4JTNCJTIyJTNFJTI2bmJzcCUzQiUzQyUyRnRkJTNFJTBBJTNDdGQlMjBzdHlsZSUzRCUyMmhlaWdodCUzQSUyMDI0cHglM0IlMjIlM0UlMEElM0NwJTNFRW5nbGlzaCUzQyUyRnAlM0UlMEElM0MlMkZ0ZCUzRSUwQSUzQyUyRnRyJTNFJTBBJTNDdHIlM0UlMEElM0N0ZCUyMHN0eWxlJTNEJTIyaGVpZ2h0JTNBJTIwMjRweCUzQiUyMiUzRSUyNm5ic3AlM0IlM0MlMkZ0ZCUzRSUwQSUzQ3RkJTIwc3R5bGUlM0QlMjJoZWlnaHQlM0ElMjAyNHB4JTNCJTIyJTNFJTI2bmJzcCUzQiUzQyUyRnRkJTNFJTBBJTNDdGQlMjBzdHlsZSUzRCUyMmhlaWdodCUzQSUyMDI0cHglM0IlMjIlM0UlMjZuYnNwJTNCJTNDJTJGdGQlM0UlMEElM0N0ZCUyMHN0eWxlJTNEJTIyaGVpZ2h0JTNBJTIwMjRweCUzQiUyMiUzRSUyNm5ic3AlM0IlM0MlMkZ0ZCUzRSUwQSUzQyUyRnRyJTNFJTBBJTNDdHIlMjBzdHlsZSUzRCUyMmJhY2tncm91bmQtY29sb3IlM0ElMjAlMjM5OWNjZmYlM0IlMjIlM0UlMEElM0N0ZCUyMHN0eWxlJTNEJTIyaGVpZ2h0JTNBJTIwMjRweCUzQiUyMiUzRSUyNm5ic3AlM0IlM0MlMkZ0ZCUzRSUwQSUzQ3RkJTIwc3R5bGUlM0QlMjJoZWlnaHQlM0ElMjAyNHB4JTNCJTIyJTNFJTI2bmJzcCUzQiUzQyUyRnRkJTNFJTBBJTNDdGQlMjBzdHlsZSUzRCUyMmhlaWdodCUzQSUyMDI0cHglM0IlMjIlM0UlMjZuYnNwJTNCJTNDJTJGdGQlM0UlMEElM0N0ZCUyMHN0eWxlJTNEJTIyaGVpZ2h0JTNBJTIwMjRweCUzQiUyMiUzRSUyNm5ic3AlM0IlM0MlMkZ0ZCUzRSUwQSUzQyUyRnRyJTNFJTBBJTNDJTJGdGJvZHklM0UlMEElM0MlMkZ0YWJsZSUzRQ==[\/vc_raw_html][\/vc_column][\/vc_row]<\/p>\n","protected":false},"author":1,"featured_media":0,"parent":64,"menu_order":0,"comment_status":"closed","ping_status":"closed","template":"page-templates\/page-sidebar.php","meta":{"footnotes":""},"acf":[],"_links":{"self":[{"href":"https:\/\/ensy.no\/se\/wp-json\/wp\/v2\/pages\/75"}],"collection":[{"href":"https:\/\/ensy.no\/se\/wp-json\/wp\/v2\/pages"}],"about":[{"href":"https:\/\/ensy.no\/se\/wp-json\/wp\/v2\/types\/page"}],"author":[{"embeddable":true,"href":"https:\/\/ensy.no\/se\/wp-json\/wp\/v2\/users\/1"}],"replies":[{"embeddable":true,"href":"https:\/\/ensy.no\/se\/wp-json\/wp\/v2\/comments?post=75"}],"version-history":[{"count":6,"href":"https:\/\/ensy.no\/se\/wp-json\/wp\/v2\/pages\/75\/revisions"}],"predecessor-version":[{"id":605,"href":"https:\/\/ensy.no\/se\/wp-json\/wp\/v2\/pages\/75\/revisions\/605"}],"up":[{"embeddable":true,"href":"https:\/\/ensy.no\/se\/wp-json\/wp\/v2\/pages\/64"}],"wp:attachment":[{"href":"https:\/\/ensy.no\/se\/wp-json\/wp\/v2\/media?parent=75"}],"curies":[{"name":"wp","href":"https:\/\/api.w.org\/{rel}","templated":true}]}}