{"id":66,"date":"2016-09-23T02:54:47","date_gmt":"2016-09-23T02:54:47","guid":{"rendered":"http:\/\/ensy.no\/se\/?page_id=66"},"modified":"2019-09-06T11:00:37","modified_gmt":"2019-09-06T11:00:37","slug":"startup-procedure-of-ensy-ahu-units","status":"publish","type":"page","link":"https:\/\/ensy.no\/se\/service-and-maintenance\/startup-procedure-of-ensy-ahu-units\/","title":{"rendered":"Start-up f\u00f6rfarande f\u00f6r Ensy AHU-enheter"},"content":{"rendered":"<p>[vc_row][vc_column][vc_single_image image=&#8221;171&#8243; img_size=&#8221;full&#8221; alignment=&#8221;center&#8221;][vc_column_text]Kontrollschema f\u00f6r installat\u00f6rer, att anv\u00e4nda f\u00f6re idrifttagning av Ensy\u00ae ventilationsenhet.[\/vc_column_text][vc_raw_html]JTNDdGFibGUlMjBzdHlsZSUzRCUyMndpZHRoJTNBJTIwMTAwJTI1JTNCJTIyJTIwY2VsbHNwYWNpbmclM0QlMjIwJTIyJTIwY2VsbHBhZGRpbmclM0QlMjIwJTIyJTIwYm9yZGVyJTNEJTIyMCUyMiUzRSUzQ2NvbGdyb3VwJTNFJTNDY29sJTIwd2lkdGglM0QlMjI2NCUyMiUzRSUyMCUzQ2NvbCUyMHdpZHRoJTNEJTIyMjI3JTIyJTNFJTIwJTNDY29sJTIwd2lkdGglM0QlMjI4NCUyMiUzRSUyMCUzQ2NvbCUyMHdpZHRoJTNEJTIyNjQlMjIlM0UlM0MlMkZjb2xncm91cCUzRSUwQSUzQ3Rib2R5JTNFJTBBJTNDdHIlM0UlMEElM0N0ZCUyMHdpZHRoJTNEJTIyNjQlMjIlMjBoZWlnaHQlM0QlMjIyMCUyMiUzRSUyNm5ic3AlM0IlM0MlMkZ0ZCUzRSUwQSUzQ3RkJTIwd2lkdGglM0QlMjIyMjclMjIlM0UlM0Nmb3JtJTIwYWN0aW9uJTNEJTIyJTIyJTIwbWV0aG9kJTNEJTIyZ2V0JTIyJTIwZW5jdHlwZSUzRCUyMmFwcGxpY2F0aW9uJTJGeC13d3ctZm9ybS11cmxlbmNvZGVkJTIyJTIwdGFyZ2V0JTNEJTIyJTIyJTNFJTBBJTNDaDMlMjBkaXIlM0QlMjJsdHIlMjIlM0VEb2N1bWVudCUyME5hbWUlM0MlMkZoMyUzRSUwQSUzQyUyRmZvcm0lM0UlM0MlMkZ0ZCUzRSUwQSUzQ3RkJTIwd2lkdGglM0QlMjI4NCUyMiUzRSUwQSUzQ2gzJTNFJTI2bmJzcCUzQiUzQyUyRmgzJTNFJTBBJTNDJTJGdGQlM0UlMEElM0N0ZCUyMHdpZHRoJTNEJTIyNjQlMjIlM0UlMEElM0NoMyUzRUxhbmd1YWdlJTNDJTJGaDMlM0UlMEElM0MlMkZ0ZCUzRSUwQSUzQyUyRnRyJTNFJTBBJTNDdHIlMjBzdHlsZSUzRCUyMmJhY2tncm91bmQtY29sb3IlM0ElMjAlMjM5OWNjZmYlM0IlMjIlM0UlMEElM0N0ZCUyMHN0eWxlJTNEJTIyaGVpZ2h0JTNBJTIwMjRweCUzQiUyMiUzRSUzQ2ltZyUyMHNyYyUzRCUyMmh0dHAlM0ElMkYlMkZlbnN5Lm5vJTJGaW1hZ2VzJTJGaW1hZ2VzJTJGcGRmaWNvbi5wbmclMjIlMjBhbHQlM0QlMjIlMjIlMjBzdHlsZSUzRCUyMmZsb2F0JTNBJTIwcmlnaHQlM0IlMjIlMjBib3JkZXIlM0QlMjIwJTIyJTNFJTNDJTJGdGQlM0UlMEElM0N0ZCUyMHN0eWxlJTNEJTIyaGVpZ2h0JTNBJTIwMjRweCUzQiUyMiUzRSUzQ2ElMjBocmVmJTNEJTIyJTJGaW1hZ2VzJTJGZG9rdW1lbnRhdGlvbiUyRjM5MzgwMy0yJTIwU3RhcnR1cCUyMHByb2NlZHVyZSUyMGZvciUyMEVuU3klMjBBSFUlMjB1bml0cyUyMFJFVl8wXzA4LjA5LjIwMTYucGRmJTIyJTNFJTIwMzkzODAzLTIlMjBTdGFydHVwJTIwcHJvY2VkdXJlJTIwZm9yJTIwRW5TeSUyMEFIVSUyMHVuaXRzJTNDJTJGYSUzRSUzQyUyRnRkJTNFJTBBJTNDdGQlMjBzdHlsZSUzRCUyMmhlaWdodCUzQSUyMDI0cHglM0IlMjIlM0UlMjZuYnNwJTNCJTNDJTJGdGQlM0UlMEElM0N0ZCUyMHN0eWxlJTNEJTIyaGVpZ2h0JTNBJTIwMjRweCUzQiUyMiUzRSUwQSUzQ3AlM0VFbmdsaXNoJTNDJTJGcCUzRSUwQSUzQyUyRnRkJTNFJTBBJTNDJTJGdHIlM0UlMEElM0N0ciUzRSUwQSUzQ3RkJTIwc3R5bGUlM0QlMjJoZWlnaHQlM0ElMjAyNHB4JTNCJTIyJTNFJTI2bmJzcCUzQiUzQyUyRnRkJTNFJTBBJTNDdGQlMjBzdHlsZSUzRCUyMmhlaWdodCUzQSUyMDI0cHglM0IlMjIlM0UlMjZuYnNwJTNCJTNDJTJGdGQlM0UlMEElM0N0ZCUyMHN0eWxlJTNEJTIyaGVpZ2h0JTNBJTIwMjRweCUzQiUyMiUzRSUyNm5ic3AlM0IlM0MlMkZ0ZCUzRSUwQSUzQ3RkJTIwc3R5bGUlM0QlMjJoZWlnaHQlM0ElMjAyNHB4JTNCJTIyJTNFJTI2bmJzcCUzQiUzQyUyRnRkJTNFJTBBJTNDJTJGdHIlM0UlMEElM0N0ciUyMHN0eWxlJTNEJTIyYmFja2dyb3VuZC1jb2xvciUzQSUyMCUyMzk5Y2NmZiUzQiUyMiUzRSUwQSUzQ3RkJTIwc3R5bGUlM0QlMjJoZWlnaHQlM0ElMjAyNHB4JTNCJTIyJTNFJTI2bmJzcCUzQiUzQyUyRnRkJTNFJTBBJTNDdGQlMjBzdHlsZSUzRCUyMmhlaWdodCUzQSUyMDI0cHglM0IlMjIlM0UlMjZuYnNwJTNCJTNDJTJGdGQlM0UlMEElM0N0ZCUyMHN0eWxlJTNEJTIyaGVpZ2h0JTNBJTIwMjRweCUzQiUyMiUzRSUyNm5ic3AlM0IlM0MlMkZ0ZCUzRSUwQSUzQ3RkJTIwc3R5bGUlM0QlMjJoZWlnaHQlM0ElMjAyNHB4JTNCJTIyJTNFJTI2bmJzcCUzQiUzQyUyRnRkJTNFJTBBJTNDJTJGdHIlM0UlMEElM0MlMkZ0Ym9keSUzRSUwQSUzQyUyRnRhYmxlJTNF[\/vc_raw_html][\/vc_column][\/vc_row]<\/p>\n","protected":false},"excerpt":{"rendered":"<p>[vc_row][vc_column][vc_single_image image=&#8221;171&#8243; img_size=&#8221;full&#8221; alignment=&#8221;center&#8221;][vc_column_text]Kontrollschema f\u00f6r installat\u00f6rer, att anv\u00e4nda f\u00f6re idrifttagning av Ensy\u00ae ventilationsenhet.[\/vc_column_text][vc_raw_html]JTNDdGFibGUlMjBzdHlsZSUzRCUyMndpZHRoJTNBJTIwMTAwJTI1JTNCJTIyJTIwY2VsbHNwYWNpbmclM0QlMjIwJTIyJTIwY2VsbHBhZGRpbmclM0QlMjIwJTIyJTIwYm9yZGVyJTNEJTIyMCUyMiUzRSUzQ2NvbGdyb3VwJTNFJTNDY29sJTIwd2lkdGglM0QlMjI2NCUyMiUzRSUyMCUzQ2NvbCUyMHdpZHRoJTNEJTIyMjI3JTIyJTNFJTIwJTNDY29sJTIwd2lkdGglM0QlMjI4NCUyMiUzRSUyMCUzQ2NvbCUyMHdpZHRoJTNEJTIyNjQlMjIlM0UlM0MlMkZjb2xncm91cCUzRSUwQSUzQ3Rib2R5JTNFJTBBJTNDdHIlM0UlMEElM0N0ZCUyMHdpZHRoJTNEJTIyNjQlMjIlMjBoZWlnaHQlM0QlMjIyMCUyMiUzRSUyNm5ic3AlM0IlM0MlMkZ0ZCUzRSUwQSUzQ3RkJTIwd2lkdGglM0QlMjIyMjclMjIlM0UlM0Nmb3JtJTIwYWN0aW9uJTNEJTIyJTIyJTIwbWV0aG9kJTNEJTIyZ2V0JTIyJTIwZW5jdHlwZSUzRCUyMmFwcGxpY2F0aW9uJTJGeC13d3ctZm9ybS11cmxlbmNvZGVkJTIyJTIwdGFyZ2V0JTNEJTIyJTIyJTNFJTBBJTNDaDMlMjBkaXIlM0QlMjJsdHIlMjIlM0VEb2N1bWVudCUyME5hbWUlM0MlMkZoMyUzRSUwQSUzQyUyRmZvcm0lM0UlM0MlMkZ0ZCUzRSUwQSUzQ3RkJTIwd2lkdGglM0QlMjI4NCUyMiUzRSUwQSUzQ2gzJTNFJTI2bmJzcCUzQiUzQyUyRmgzJTNFJTBBJTNDJTJGdGQlM0UlMEElM0N0ZCUyMHdpZHRoJTNEJTIyNjQlMjIlM0UlMEElM0NoMyUzRUxhbmd1YWdlJTNDJTJGaDMlM0UlMEElM0MlMkZ0ZCUzRSUwQSUzQyUyRnRyJTNFJTBBJTNDdHIlMjBzdHlsZSUzRCUyMmJhY2tncm91bmQtY29sb3IlM0ElMjAlMjM5OWNjZmYlM0IlMjIlM0UlMEElM0N0ZCUyMHN0eWxlJTNEJTIyaGVpZ2h0JTNBJTIwMjRweCUzQiUyMiUzRSUzQ2ltZyUyMHNyYyUzRCUyMmh0dHAlM0ElMkYlMkZlbnN5Lm5vJTJGaW1hZ2VzJTJGaW1hZ2VzJTJGcGRmaWNvbi5wbmclMjIlMjBhbHQlM0QlMjIlMjIlMjBzdHlsZSUzRCUyMmZsb2F0JTNBJTIwcmlnaHQlM0IlMjIlMjBib3JkZXIlM0QlMjIwJTIyJTNFJTNDJTJGdGQlM0UlMEElM0N0ZCUyMHN0eWxlJTNEJTIyaGVpZ2h0JTNBJTIwMjRweCUzQiUyMiUzRSUzQ2ElMjBocmVmJTNEJTIyJTJGaW1hZ2VzJTJGZG9rdW1lbnRhdGlvbiUyRjM5MzgwMy0yJTIwU3RhcnR1cCUyMHByb2NlZHVyZSUyMGZvciUyMEVuU3klMjBBSFUlMjB1bml0cyUyMFJFVl8wXzA4LjA5LjIwMTYucGRmJTIyJTNFJTIwMzkzODAzLTIlMjBTdGFydHVwJTIwcHJvY2VkdXJlJTIwZm9yJTIwRW5TeSUyMEFIVSUyMHVuaXRzJTNDJTJGYSUzRSUzQyUyRnRkJTNFJTBBJTNDdGQlMjBzdHlsZSUzRCUyMmhlaWdodCUzQSUyMDI0cHglM0IlMjIlM0UlMjZuYnNwJTNCJTNDJTJGdGQlM0UlMEElM0N0ZCUyMHN0eWxlJTNEJTIyaGVpZ2h0JTNBJTIwMjRweCUzQiUyMiUzRSUwQSUzQ3AlM0VFbmdsaXNoJTNDJTJGcCUzRSUwQSUzQyUyRnRkJTNFJTBBJTNDJTJGdHIlM0UlMEElM0N0ciUzRSUwQSUzQ3RkJTIwc3R5bGUlM0QlMjJoZWlnaHQlM0ElMjAyNHB4JTNCJTIyJTNFJTI2bmJzcCUzQiUzQyUyRnRkJTNFJTBBJTNDdGQlMjBzdHlsZSUzRCUyMmhlaWdodCUzQSUyMDI0cHglM0IlMjIlM0UlMjZuYnNwJTNCJTNDJTJGdGQlM0UlMEElM0N0ZCUyMHN0eWxlJTNEJTIyaGVpZ2h0JTNBJTIwMjRweCUzQiUyMiUzRSUyNm5ic3AlM0IlM0MlMkZ0ZCUzRSUwQSUzQ3RkJTIwc3R5bGUlM0QlMjJoZWlnaHQlM0ElMjAyNHB4JTNCJTIyJTNFJTI2bmJzcCUzQiUzQyUyRnRkJTNFJTBBJTNDJTJGdHIlM0UlMEElM0N0ciUyMHN0eWxlJTNEJTIyYmFja2dyb3VuZC1jb2xvciUzQSUyMCUyMzk5Y2NmZiUzQiUyMiUzRSUwQSUzQ3RkJTIwc3R5bGUlM0QlMjJoZWlnaHQlM0ElMjAyNHB4JTNCJTIyJTNFJTI2bmJzcCUzQiUzQyUyRnRkJTNFJTBBJTNDdGQlMjBzdHlsZSUzRCUyMmhlaWdodCUzQSUyMDI0cHglM0IlMjIlM0UlMjZuYnNwJTNCJTNDJTJGdGQlM0UlMEElM0N0ZCUyMHN0eWxlJTNEJTIyaGVpZ2h0JTNBJTIwMjRweCUzQiUyMiUzRSUyNm5ic3AlM0IlM0MlMkZ0ZCUzRSUwQSUzQ3RkJTIwc3R5bGUlM0QlMjJoZWlnaHQlM0ElMjAyNHB4JTNCJTIyJTNFJTI2bmJzcCUzQiUzQyUyRnRkJTNFJTBBJTNDJTJGdHIlM0UlMEElM0MlMkZ0Ym9keSUzRSUwQSUzQyUyRnRhYmxlJTNF[\/vc_raw_html][\/vc_column][\/vc_row]<\/p>\n","protected":false},"author":1,"featured_media":0,"parent":64,"menu_order":0,"comment_status":"closed","ping_status":"closed","template":"page-templates\/page-sidebar.php","meta":{"footnotes":""},"acf":[],"_links":{"self":[{"href":"https:\/\/ensy.no\/se\/wp-json\/wp\/v2\/pages\/66"}],"collection":[{"href":"https:\/\/ensy.no\/se\/wp-json\/wp\/v2\/pages"}],"about":[{"href":"https:\/\/ensy.no\/se\/wp-json\/wp\/v2\/types\/page"}],"author":[{"embeddable":true,"href":"https:\/\/ensy.no\/se\/wp-json\/wp\/v2\/users\/1"}],"replies":[{"embeddable":true,"href":"https:\/\/ensy.no\/se\/wp-json\/wp\/v2\/comments?post=66"}],"version-history":[{"count":5,"href":"https:\/\/ensy.no\/se\/wp-json\/wp\/v2\/pages\/66\/revisions"}],"predecessor-version":[{"id":601,"href":"https:\/\/ensy.no\/se\/wp-json\/wp\/v2\/pages\/66\/revisions\/601"}],"up":[{"embeddable":true,"href":"https:\/\/ensy.no\/se\/wp-json\/wp\/v2\/pages\/64"}],"wp:attachment":[{"href":"https:\/\/ensy.no\/se\/wp-json\/wp\/v2\/media?parent=66"}],"curies":[{"name":"wp","href":"https:\/\/api.w.org\/{rel}","templated":true}]}}