{"id":62,"date":"2016-09-23T02:47:59","date_gmt":"2016-09-23T02:47:59","guid":{"rendered":"http:\/\/ensy.no\/se\/?page_id=62"},"modified":"2019-08-30T05:32:33","modified_gmt":"2019-08-30T05:32:33","slug":"sa-fungerar-det","status":"publish","type":"page","link":"https:\/\/ensy.no\/se\/behovsstyr-ventilation\/sa-fungerar-det\/","title":{"rendered":"S\u00c5 FUNGERAR DET"},"content":{"rendered":"<h2>S\u00e5 fungerar behovsstyrd ventilation<\/h2>\n<p>Behovsstyrd ventilation, Energieffektiv ventilation handlar ut\u00f6ver h\u00f6g verkningsgrad och l\u00e5ga SFP-v\u00e4rden ocks\u00e5 om att tillf\u00f6ra r\u00e4tt luftm\u00e4ngd vid r\u00e4tt tillf\u00e4lle. Med dagens teknik ges det m\u00f6jlighet att behovsstyra ventilationen samt att erbjuda en god inomhusmilj\u00f6 och dessutom till en l\u00e5g energif\u00f6rbrukning.<\/p>\n<ol>\n<li>R\u00f6relse Detektor: N\u00e4r den \u00e4r installerad och aktiverad kommer den att skicka en signal om att \u00f6ka luftfl\u00f6det till maxfl\u00f6de.<\/li>\n<li>\u00a0Ventilationsaggregat placerat i l\u00e4mpligt rum i bostaden (ex. Tv\u00e4ttstuga) f\u00f6r att g\u00f6ra service och filterbyte enkelt.<\/li>\n<li>Fukt givare: Denna \u00e4r inbyggd fr\u00e5n fabrik i aggregatet (ej AHU-200). D\u00e5 man installerar separat givare i badrum eller v\u00e5tutrymme kommer givaren snabbare reagera och ge signal om max luftfl\u00f6de.<\/li>\n<li>CO2 Sensor: Kan installeras i vardagsrum eller i rum med h\u00f6g personbelastning. Aggregatet kommer d\u00e5 att reglera enligt detta.<\/li>\n<li>\u00d6ppen spis\/kakelugn\/Badrum: Tr\u00e5dl\u00f6s pulsgivare kan anv\u00e4ndas f\u00f6r att \u00f6ka tilluftfl\u00f6det och monteras p\u00e5 l\u00e4mpligt st\u00e4lle i f\u00f6rh\u00e5llande till aggregatet. Kan ocks\u00e5 placeras n\u00e4r badrum f\u00f6r att vara l\u00e4tt tillg\u00e4nligt.<\/li>\n<li>Kontroll Panel 0100051 som placeras p\u00e5 l\u00e4mpligt st\u00e4lle f\u00f6r att underl\u00e4tta reglering av inneklimatet.\u00a0P\u00e5 nyare modeller (ej AHU-200 Ceiling och AHU-300 Ceiling) \u00e4r kotroll panelen monterad i frontd\u00f6rren p\u00e5 aggregatet. Vid behov av ytterligare panel best\u00e4lles denna separat.<\/li>\n<li>Enheten \u00e4r l\u00e4mplig f\u00f6r anslutning av en extern k\u00f6ksk\u00e5pa. Detta \u00e4r ett alternativ vid problem med avluft genom v\u00e4ggen.<\/li>\n<\/ol>\n<p><img decoding=\"async\" loading=\"lazy\" class=\"aligncenter wp-image-146 size-full\" src=\"http:\/\/ensy.no\/se\/wp-content\/uploads\/sites\/10\/2016\/09\/anitahus675.png\" alt=\"anitahus675\" width=\"675\" height=\"632\" srcset=\"https:\/\/ensy.no\/se\/wp-content\/uploads\/sites\/10\/2016\/09\/anitahus675.png 675w, https:\/\/ensy.no\/se\/wp-content\/uploads\/sites\/10\/2016\/09\/anitahus675-300x281.png 300w, https:\/\/ensy.no\/se\/wp-content\/uploads\/sites\/10\/2016\/09\/anitahus675-160x150.png 160w\" sizes=\"(max-width: 675px) 100vw, 675px\" \/><\/p>\n","protected":false},"excerpt":{"rendered":"<p>S\u00e5 fungerar behovsstyrd ventilation Behovsstyrd ventilation, Energieffektiv ventilation handlar ut\u00f6ver h\u00f6g verkningsgrad och l\u00e5ga SFP-v\u00e4rden ocks\u00e5 om att tillf\u00f6ra r\u00e4tt luftm\u00e4ngd vid r\u00e4tt tillf\u00e4lle. Med dagens teknik ges det m\u00f6jlighet att behovsstyra ventilationen samt att erbjuda en god inomhusmilj\u00f6 och dessutom till en l\u00e5g energif\u00f6rbrukning. R\u00f6relse Detektor: N\u00e4r den \u00e4r installerad och aktiverad kommer den [&hellip;]<\/p>\n","protected":false},"author":1,"featured_media":0,"parent":57,"menu_order":0,"comment_status":"closed","ping_status":"closed","template":"page-templates\/page-sidebar.php","meta":{"footnotes":""},"acf":[],"_links":{"self":[{"href":"https:\/\/ensy.no\/se\/wp-json\/wp\/v2\/pages\/62"}],"collection":[{"href":"https:\/\/ensy.no\/se\/wp-json\/wp\/v2\/pages"}],"about":[{"href":"https:\/\/ensy.no\/se\/wp-json\/wp\/v2\/types\/page"}],"author":[{"embeddable":true,"href":"https:\/\/ensy.no\/se\/wp-json\/wp\/v2\/users\/1"}],"replies":[{"embeddable":true,"href":"https:\/\/ensy.no\/se\/wp-json\/wp\/v2\/comments?post=62"}],"version-history":[{"count":7,"href":"https:\/\/ensy.no\/se\/wp-json\/wp\/v2\/pages\/62\/revisions"}],"predecessor-version":[{"id":590,"href":"https:\/\/ensy.no\/se\/wp-json\/wp\/v2\/pages\/62\/revisions\/590"}],"up":[{"embeddable":true,"href":"https:\/\/ensy.no\/se\/wp-json\/wp\/v2\/pages\/57"}],"wp:attachment":[{"href":"https:\/\/ensy.no\/se\/wp-json\/wp\/v2\/media?parent=62"}],"curies":[{"name":"wp","href":"https:\/\/api.w.org\/{rel}","templated":true}]}}