{"id":55,"date":"2016-09-23T02:46:10","date_gmt":"2016-09-23T02:46:10","guid":{"rendered":"http:\/\/ensy.no\/se\/?page_id=55"},"modified":"2024-06-30T18:36:49","modified_gmt":"2024-06-30T18:36:49","slug":"distributors","status":"publish","type":"page","link":"https:\/\/ensy.no\/se\/distributors\/","title":{"rendered":"Distribut\u00f6rer"},"content":{"rendered":"<p>[vc_row][vc_column][vc_column_text]V\u00e5ra distribut\u00f6rer erbjuder f\u00f6rutom design och ber\u00e4kning av bost\u00e4der ett brett utbud av ventilationsprodukter. Detta g\u00f6r att de kan leverera kompletta l\u00f6sningar som b\u00e4st passar dina behov. EnSy s\u00e4ljer sina produkter endast genom auktoriserade distribut\u00f6rer.[\/vc_column_text][\/vc_column][\/vc_row][vc_row][vc_column][vc_column_text]<strong>Ensy AS<\/strong><br \/>\nMohagasvingen 1<br \/>\n2770 JAREN, Norway<br \/>\n<a href=\"mailto:post@ensy.no\">post@ensy.no<\/a><\/p>\n<p>&nbsp;<\/p>\n<p><strong>Klima-Therm AB<\/strong><br \/>\n\u00d6g\u00e4rdesv\u00e4gen 17<br \/>\nSE-433 30 Partille<br \/>\nSweden<br \/>\nWalle Saczewski<br \/>\nmobile +46313864321<br \/>\nwsaczewski@klima-therm.com[\/vc_column_text][\/vc_column][\/vc_row]<\/p>\n","protected":false},"excerpt":{"rendered":"<p>[vc_row][vc_column][vc_column_text]V\u00e5ra distribut\u00f6rer erbjuder f\u00f6rutom design och ber\u00e4kning av bost\u00e4der ett brett utbud av ventilationsprodukter. Detta g\u00f6r att de kan leverera kompletta l\u00f6sningar som b\u00e4st passar dina behov. EnSy s\u00e4ljer sina produkter endast genom auktoriserade distribut\u00f6rer.[\/vc_column_text][\/vc_column][\/vc_row][vc_row][vc_column][vc_column_text]Ensy AS Mohagasvingen 1 2770 JAREN, Norway post@ensy.no &nbsp; Klima-Therm AB \u00d6g\u00e4rdesv\u00e4gen 17 SE-433 30 Partille Sweden Walle Saczewski mobile +46313864321 [&hellip;]<\/p>\n","protected":false},"author":1,"featured_media":0,"parent":0,"menu_order":0,"comment_status":"closed","ping_status":"closed","template":"","meta":{"footnotes":""},"acf":[],"_links":{"self":[{"href":"https:\/\/ensy.no\/se\/wp-json\/wp\/v2\/pages\/55"}],"collection":[{"href":"https:\/\/ensy.no\/se\/wp-json\/wp\/v2\/pages"}],"about":[{"href":"https:\/\/ensy.no\/se\/wp-json\/wp\/v2\/types\/page"}],"author":[{"embeddable":true,"href":"https:\/\/ensy.no\/se\/wp-json\/wp\/v2\/users\/1"}],"replies":[{"embeddable":true,"href":"https:\/\/ensy.no\/se\/wp-json\/wp\/v2\/comments?post=55"}],"version-history":[{"count":11,"href":"https:\/\/ensy.no\/se\/wp-json\/wp\/v2\/pages\/55\/revisions"}],"predecessor-version":[{"id":807,"href":"https:\/\/ensy.no\/se\/wp-json\/wp\/v2\/pages\/55\/revisions\/807"}],"wp:attachment":[{"href":"https:\/\/ensy.no\/se\/wp-json\/wp\/v2\/media?parent=55"}],"curies":[{"name":"wp","href":"https:\/\/api.w.org\/{rel}","templated":true}]}}