{"id":386,"date":"2017-03-23T07:00:29","date_gmt":"2017-03-23T07:00:29","guid":{"rendered":"http:\/\/ensy.no\/se\/?page_id=386"},"modified":"2019-09-06T11:04:19","modified_gmt":"2019-09-06T11:04:19","slug":"hur-man-bygger-om-roterande-vaxlare","status":"publish","type":"page","link":"https:\/\/ensy.no\/se\/hur-man-bygger-om-roterande-vaxlare\/","title":{"rendered":"Hur man bygger om roterande v\u00e4xlare"},"content":{"rendered":"<p>[vc_row][vc_column][vc_single_image image=&#8221;387&#8243; img_size=&#8221;full&#8221;][vc_column_text]H\u00e4r kan du se f\u00f6rfarandet om du m\u00e5ste bygga om med den nya STEGIA-rotormotorn[\/vc_column_text][vc_raw_html]JTNDdGFibGUlMjBzdHlsZSUzRCUyMndpZHRoJTNBJTIwMTAwJTI1JTNCJTIyJTIwYm9yZGVyJTNEJTIyMCUyMiUyMGNlbGxzcGFjaW5nJTNEJTIyMCUyMiUyMGNlbGxwYWRkaW5nJTNEJTIyMCUyMiUzRSUzQ2NvbGdyb3VwJTNFJTNDY29sJTIwd2lkdGglM0QlMjI2NCUyMiUzRSUyMCUzQ2NvbCUyMHdpZHRoJTNEJTIyMjI3JTIyJTNFJTIwJTNDY29sJTIwd2lkdGglM0QlMjI4NCUyMiUzRSUyMCUzQ2NvbCUyMHdpZHRoJTNEJTIyNjQlMjIlM0UlM0MlMkZjb2xncm91cCUzRSUwQSUzQ3Rib2R5JTNFJTBBJTNDdHIlM0UlMEElM0N0ZCUyMHdpZHRoJTNEJTIyNjQlMjIlMjBoZWlnaHQlM0QlMjIyMCUyMiUzRSUyNm5ic3AlM0IlM0MlMkZ0ZCUzRSUwQSUzQ3RkJTIwd2lkdGglM0QlMjIyMjclMjIlM0UlM0Nmb3JtJTIwYWN0aW9uJTNEJTIyJTIyJTIwbWV0aG9kJTNEJTIyZ2V0JTIyJTIwZW5jdHlwZSUzRCUyMmFwcGxpY2F0aW9uJTJGeC13d3ctZm9ybS11cmxlbmNvZGVkJTIyJTIwdGFyZ2V0JTNEJTIyJTIyJTNFJTBBJTNDaDMlMjBkaXIlM0QlMjJsdHIlMjIlM0VEb2N1bWVudCUyMG5hbWUlM0MlMkZoMyUzRSUwQSUzQyUyRmZvcm0lM0UlM0MlMkZ0ZCUzRSUwQSUzQ3RkJTIwd2lkdGglM0QlMjI4NCUyMiUzRSUwQSUzQ2gzJTNFJTI2bmJzcCUzQiUzQyUyRmgzJTNFJTBBJTNDJTJGdGQlM0UlMEElM0N0ZCUyMHdpZHRoJTNEJTIyNjQlMjIlM0UlMEElM0NoMyUzRUxhbmd1YWdlJTNDJTJGaDMlM0UlMEElM0MlMkZ0ZCUzRSUwQSUzQyUyRnRyJTNFJTBBJTNDdHIlMjBzdHlsZSUzRCUyMmJhY2tncm91bmQtY29sb3IlM0ElMjAlMjM5OWNjZmYlM0IlMjIlM0UlMEElM0N0ZCUyMHN0eWxlJTNEJTIyaGVpZ2h0JTNBJTIwMjRweCUzQiUyMiUzRSUzQ2ltZyUyMHNyYyUzRCUyMiUyRmltYWdlcyUyRmltYWdlcyUyRnBkZmljb24ucG5nJTIyJTIwYm9yZGVyJTNEJTIyMCUyMiUyMGFsdCUzRCUyMiUyMiUyMHN0eWxlJTNEJTIyZmxvYXQlM0ElMjByaWdodCUzQiUyMiUzRSUzQyUyRnRkJTNFJTBBJTNDdGQlMjBzdHlsZSUzRCUyMmhlaWdodCUzQSUyMDI0cHglM0IlMjIlM0UlM0NhJTIwaHJlZiUzRCUyMiUyRmltYWdlcyUyRmRva3VtZW50YXRpb24lMkYzOTM4MDQtMiUyMEhWT1JEQU4lMjBTS0lGVEUlMjBUSUwlMjBTVEVHSUElMjBNT1RPUiUyMFAlQzMlODUlMjBFVCUyMEFIVS03MDAlMjBBR0dSRUdBVC5wZGYlMjIlM0UzOTM4MDQtMiUyMEhWT1JEQU4lMjBTS0lGVEUlMjBUSUwlMjBTVEVHSUElMjBNT1RPUiUyMFAlQzMlODUlMjBFVCUyMEFIVS03MDAlMjBBR0dSRUdBVCUzQyUyRmElM0UlM0MlMkZ0ZCUzRSUwQSUzQ3RkJTIwc3R5bGUlM0QlMjJoZWlnaHQlM0ElMjAyNHB4JTNCJTIyJTNFJTI2bmJzcCUzQiUzQyUyRnRkJTNFJTBBJTNDdGQlMjBzdHlsZSUzRCUyMmhlaWdodCUzQSUyMDI0cHglM0IlMjIlM0UlMjZuYnNwJTNCTm9yd2VnaWFuJTNDJTJGdGQlM0UlMEElM0MlMkZ0ciUzRSUwQSUzQ3RyJTNFJTBBJTNDdGQlMjBzdHlsZSUzRCUyMmhlaWdodCUzQSUyMDI0cHglM0IlMjIlM0UlMjZuYnNwJTNCJTNDJTJGdGQlM0UlMEElM0N0ZCUyMHN0eWxlJTNEJTIyaGVpZ2h0JTNBJTIwMjRweCUzQiUyMiUzRSUyNm5ic3AlM0IlM0MlMkZ0ZCUzRSUwQSUzQ3RkJTIwc3R5bGUlM0QlMjJoZWlnaHQlM0ElMjAyNHB4JTNCJTIyJTNFJTI2bmJzcCUzQiUzQyUyRnRkJTNFJTBBJTNDdGQlMjBzdHlsZSUzRCUyMmhlaWdodCUzQSUyMDI0cHglM0IlMjIlM0UlMjZuYnNwJTNCJTNDJTJGdGQlM0UlMEElM0MlMkZ0ciUzRSUwQSUzQ3RyJTIwc3R5bGUlM0QlMjJiYWNrZ3JvdW5kLWNvbG9yJTNBJTIwJTIzOTljY2ZmJTNCJTIyJTNFJTBBJTNDdGQlMjBzdHlsZSUzRCUyMmhlaWdodCUzQSUyMDI0cHglM0IlMjIlM0UlMjZuYnNwJTNCJTNDJTJGdGQlM0UlMEElM0N0ZCUyMHN0eWxlJTNEJTIyaGVpZ2h0JTNBJTIwMjRweCUzQiUyMiUzRSUyNm5ic3AlM0IlM0MlMkZ0ZCUzRSUwQSUzQ3RkJTIwc3R5bGUlM0QlMjJoZWlnaHQlM0ElMjAyNHB4JTNCJTIyJTNFJTI2bmJzcCUzQiUzQyUyRnRkJTNFJTBBJTNDdGQlMjBzdHlsZSUzRCUyMmhlaWdodCUzQSUyMDI0cHglM0IlMjIlM0UlMjZuYnNwJTNCJTNDJTJGdGQlM0UlMEElM0MlMkZ0ciUzRSUwQSUzQyUyRnRib2R5JTNFJTBBJTNDJTJGdGFibGUlM0U=[\/vc_raw_html][\/vc_column][\/vc_row]<\/p>\n","protected":false},"excerpt":{"rendered":"<p>[vc_row][vc_column][vc_single_image image=&#8221;387&#8243; img_size=&#8221;full&#8221;][vc_column_text]H\u00e4r kan du se f\u00f6rfarandet om du m\u00e5ste bygga om med den nya STEGIA-rotormotorn[\/vc_column_text][vc_raw_html]JTNDdGFibGUlMjBzdHlsZSUzRCUyMndpZHRoJTNBJTIwMTAwJTI1JTNCJTIyJTIwYm9yZGVyJTNEJTIyMCUyMiUyMGNlbGxzcGFjaW5nJTNEJTIyMCUyMiUyMGNlbGxwYWRkaW5nJTNEJTIyMCUyMiUzRSUzQ2NvbGdyb3VwJTNFJTNDY29sJTIwd2lkdGglM0QlMjI2NCUyMiUzRSUyMCUzQ2NvbCUyMHdpZHRoJTNEJTIyMjI3JTIyJTNFJTIwJTNDY29sJTIwd2lkdGglM0QlMjI4NCUyMiUzRSUyMCUzQ2NvbCUyMHdpZHRoJTNEJTIyNjQlMjIlM0UlM0MlMkZjb2xncm91cCUzRSUwQSUzQ3Rib2R5JTNFJTBBJTNDdHIlM0UlMEElM0N0ZCUyMHdpZHRoJTNEJTIyNjQlMjIlMjBoZWlnaHQlM0QlMjIyMCUyMiUzRSUyNm5ic3AlM0IlM0MlMkZ0ZCUzRSUwQSUzQ3RkJTIwd2lkdGglM0QlMjIyMjclMjIlM0UlM0Nmb3JtJTIwYWN0aW9uJTNEJTIyJTIyJTIwbWV0aG9kJTNEJTIyZ2V0JTIyJTIwZW5jdHlwZSUzRCUyMmFwcGxpY2F0aW9uJTJGeC13d3ctZm9ybS11cmxlbmNvZGVkJTIyJTIwdGFyZ2V0JTNEJTIyJTIyJTNFJTBBJTNDaDMlMjBkaXIlM0QlMjJsdHIlMjIlM0VEb2N1bWVudCUyMG5hbWUlM0MlMkZoMyUzRSUwQSUzQyUyRmZvcm0lM0UlM0MlMkZ0ZCUzRSUwQSUzQ3RkJTIwd2lkdGglM0QlMjI4NCUyMiUzRSUwQSUzQ2gzJTNFJTI2bmJzcCUzQiUzQyUyRmgzJTNFJTBBJTNDJTJGdGQlM0UlMEElM0N0ZCUyMHdpZHRoJTNEJTIyNjQlMjIlM0UlMEElM0NoMyUzRUxhbmd1YWdlJTNDJTJGaDMlM0UlMEElM0MlMkZ0ZCUzRSUwQSUzQyUyRnRyJTNFJTBBJTNDdHIlMjBzdHlsZSUzRCUyMmJhY2tncm91bmQtY29sb3IlM0ElMjAlMjM5OWNjZmYlM0IlMjIlM0UlMEElM0N0ZCUyMHN0eWxlJTNEJTIyaGVpZ2h0JTNBJTIwMjRweCUzQiUyMiUzRSUzQ2ltZyUyMHNyYyUzRCUyMiUyRmltYWdlcyUyRmltYWdlcyUyRnBkZmljb24ucG5nJTIyJTIwYm9yZGVyJTNEJTIyMCUyMiUyMGFsdCUzRCUyMiUyMiUyMHN0eWxlJTNEJTIyZmxvYXQlM0ElMjByaWdodCUzQiUyMiUzRSUzQyUyRnRkJTNFJTBBJTNDdGQlMjBzdHlsZSUzRCUyMmhlaWdodCUzQSUyMDI0cHglM0IlMjIlM0UlM0NhJTIwaHJlZiUzRCUyMiUyRmltYWdlcyUyRmRva3VtZW50YXRpb24lMkYzOTM4MDQtMiUyMEhWT1JEQU4lMjBTS0lGVEUlMjBUSUwlMjBTVEVHSUElMjBNT1RPUiUyMFAlQzMlODUlMjBFVCUyMEFIVS03MDAlMjBBR0dSRUdBVC5wZGYlMjIlM0UzOTM4MDQtMiUyMEhWT1JEQU4lMjBTS0lGVEUlMjBUSUwlMjBTVEVHSUElMjBNT1RPUiUyMFAlQzMlODUlMjBFVCUyMEFIVS03MDAlMjBBR0dSRUdBVCUzQyUyRmElM0UlM0MlMkZ0ZCUzRSUwQSUzQ3RkJTIwc3R5bGUlM0QlMjJoZWlnaHQlM0ElMjAyNHB4JTNCJTIyJTNFJTI2bmJzcCUzQiUzQyUyRnRkJTNFJTBBJTNDdGQlMjBzdHlsZSUzRCUyMmhlaWdodCUzQSUyMDI0cHglM0IlMjIlM0UlMjZuYnNwJTNCTm9yd2VnaWFuJTNDJTJGdGQlM0UlMEElM0MlMkZ0ciUzRSUwQSUzQ3RyJTNFJTBBJTNDdGQlMjBzdHlsZSUzRCUyMmhlaWdodCUzQSUyMDI0cHglM0IlMjIlM0UlMjZuYnNwJTNCJTNDJTJGdGQlM0UlMEElM0N0ZCUyMHN0eWxlJTNEJTIyaGVpZ2h0JTNBJTIwMjRweCUzQiUyMiUzRSUyNm5ic3AlM0IlM0MlMkZ0ZCUzRSUwQSUzQ3RkJTIwc3R5bGUlM0QlMjJoZWlnaHQlM0ElMjAyNHB4JTNCJTIyJTNFJTI2bmJzcCUzQiUzQyUyRnRkJTNFJTBBJTNDdGQlMjBzdHlsZSUzRCUyMmhlaWdodCUzQSUyMDI0cHglM0IlMjIlM0UlMjZuYnNwJTNCJTNDJTJGdGQlM0UlMEElM0MlMkZ0ciUzRSUwQSUzQ3RyJTIwc3R5bGUlM0QlMjJiYWNrZ3JvdW5kLWNvbG9yJTNBJTIwJTIzOTljY2ZmJTNCJTIyJTNFJTBBJTNDdGQlMjBzdHlsZSUzRCUyMmhlaWdodCUzQSUyMDI0cHglM0IlMjIlM0UlMjZuYnNwJTNCJTNDJTJGdGQlM0UlMEElM0N0ZCUyMHN0eWxlJTNEJTIyaGVpZ2h0JTNBJTIwMjRweCUzQiUyMiUzRSUyNm5ic3AlM0IlM0MlMkZ0ZCUzRSUwQSUzQ3RkJTIwc3R5bGUlM0QlMjJoZWlnaHQlM0ElMjAyNHB4JTNCJTIyJTNFJTI2bmJzcCUzQiUzQyUyRnRkJTNFJTBBJTNDdGQlMjBzdHlsZSUzRCUyMmhlaWdodCUzQSUyMDI0cHglM0IlMjIlM0UlMjZuYnNwJTNCJTNDJTJGdGQlM0UlMEElM0MlMkZ0ciUzRSUwQSUzQyUyRnRib2R5JTNFJTBBJTNDJTJGdGFibGUlM0U=[\/vc_raw_html][\/vc_column][\/vc_row]<\/p>\n","protected":false},"author":1,"featured_media":0,"parent":0,"menu_order":0,"comment_status":"closed","ping_status":"closed","template":"page-templates\/page-sidebar.php","meta":{"footnotes":""},"acf":[],"_links":{"self":[{"href":"https:\/\/ensy.no\/se\/wp-json\/wp\/v2\/pages\/386"}],"collection":[{"href":"https:\/\/ensy.no\/se\/wp-json\/wp\/v2\/pages"}],"about":[{"href":"https:\/\/ensy.no\/se\/wp-json\/wp\/v2\/types\/page"}],"author":[{"embeddable":true,"href":"https:\/\/ensy.no\/se\/wp-json\/wp\/v2\/users\/1"}],"replies":[{"embeddable":true,"href":"https:\/\/ensy.no\/se\/wp-json\/wp\/v2\/comments?post=386"}],"version-history":[{"count":2,"href":"https:\/\/ensy.no\/se\/wp-json\/wp\/v2\/pages\/386\/revisions"}],"predecessor-version":[{"id":607,"href":"https:\/\/ensy.no\/se\/wp-json\/wp\/v2\/pages\/386\/revisions\/607"}],"wp:attachment":[{"href":"https:\/\/ensy.no\/se\/wp-json\/wp\/v2\/media?parent=386"}],"curies":[{"name":"wp","href":"https:\/\/api.w.org\/{rel}","templated":true}]}}