{"id":70,"date":"2016-09-23T02:55:19","date_gmt":"2016-09-23T02:55:19","guid":{"rendered":"http:\/\/ensy.no\/ro\/?page_id=70"},"modified":"2022-12-19T11:38:27","modified_gmt":"2022-12-19T11:38:27","slug":"temperature-sensors","status":"publish","type":"page","link":"https:\/\/ensy.no\/ro\/service-and-maintenance\/temperature-sensors\/","title":{"rendered":"Senzori de temperatur\u0103"},"content":{"rendered":"<p>[vc_row][vc_column][vc_single_image image=&#8221;169&#8243; img_size=&#8221;full&#8221;][vc_column_text]<span style=\"font-weight: 400;\">Aici pute\u021bi vedea lungimea tuturor senzorilor de temperatur\u0103 din interiorul unit\u0103\u021bilor AHU \u0219i unde sunt utiliza\u021bi. Folosi\u021bi schema electric\u0103 ata\u0219at\u0103 pe site-ul web pentru fiecare unitate AHU pentru a v\u0103 asigura c\u0103 v\u0103 <\/span><span style=\"font-weight: 400;\">conecta\u021bi<\/span><span style=\"font-weight: 400;\"> la borna corect\u0103 de pe placa principal\u0103<\/span>[\/vc_column_text][vc_raw_html]JTNDdGFibGUlMjBzdHlsZSUzRCUyMndpZHRoJTNBJTIwMTAwJTI1JTNCJTIyJTIwY2VsbHNwYWNpbmclM0QlMjIwJTIyJTIwY2VsbHBhZGRpbmclM0QlMjIwJTIyJTIwYm9yZGVyJTNEJTIyMCUyMiUzRSUzQ2NvbGdyb3VwJTNFJTNDY29sJTIwd2lkdGglM0QlMjI2NCUyMiUzRSUyMCUzQ2NvbCUyMHdpZHRoJTNEJTIyMjI3JTIyJTNFJTIwJTNDY29sJTIwd2lkdGglM0QlMjI4NCUyMiUzRSUyMCUzQ2NvbCUyMHdpZHRoJTNEJTIyNjQlMjIlM0UlM0MlMkZjb2xncm91cCUzRSUwQSUzQ3Rib2R5JTNFJTBBJTNDdHIlM0UlMEElM0N0ZCUyMHdpZHRoJTNEJTIyNjQlMjIlMjBoZWlnaHQlM0QlMjIyMCUyMiUzRSUyNm5ic3AlM0IlM0MlMkZ0ZCUzRSUwQSUzQ3RkJTIwd2lkdGglM0QlMjIyMjclMjIlM0UlM0Nmb3JtJTIwYWN0aW9uJTNEJTIyJTIyJTIwbWV0aG9kJTNEJTIyZ2V0JTIyJTIwZW5jdHlwZSUzRCUyMmFwcGxpY2F0aW9uJTJGeC13d3ctZm9ybS11cmxlbmNvZGVkJTIyJTIwdGFyZ2V0JTNEJTIyJTIyJTNFJTBBJTNDaDMlMjBkaXIlM0QlMjJsdHIlMjIlM0VEZW51bWlyZSUyMGRvY3VtZW50JTNDJTJGaDMlM0UlMEElM0MlMkZmb3JtJTNFJTNDJTJGdGQlM0UlMEElM0N0ZCUyMHdpZHRoJTNEJTIyODQlMjIlM0UlMEElM0NoMyUzRSUyNm5ic3AlM0IlM0MlMkZoMyUzRSUwQSUzQyUyRnRkJTNFJTBBJTNDdGQlMjB3aWR0aCUzRCUyMjY0JTIyJTNFJTBBJTNDaDMlM0VMaW1iJUM0JTgzJTNDJTJGaDMlM0UlMEElM0MlMkZ0ZCUzRSUwQSUzQyUyRnRyJTNFJTBBJTNDdHIlMjBzdHlsZSUzRCUyMmJhY2tncm91bmQtY29sb3IlM0ElMjAlMjM5OWNjZmYlM0IlMjIlM0UlMEElM0N0ZCUyMHN0eWxlJTNEJTIyaGVpZ2h0JTNBJTIwMjRweCUzQiUyMiUzRSUzQ2ltZyUyMHNyYyUzRCUyMmh0dHAlM0ElMkYlMkZlbnN5Lm5vJTJGaW1hZ2VzJTJGaW1hZ2VzJTJGcGRmaWNvbi5wbmclMjIlMjBhbHQlM0QlMjIlMjIlMjBzdHlsZSUzRCUyMmZsb2F0JTNBJTIwcmlnaHQlM0IlMjIlMjBib3JkZXIlM0QlMjIwJTIyJTNFJTNDJTJGdGQlM0UlMEElM0N0ZCUyMHN0eWxlJTNEJTIyaGVpZ2h0JTNBJTIwMjRweCUzQiUyMiUzRSUzQ2ElMjBocmVmJTNEJTIyJTJGaW1hZ2VzJTJGZG9rdW1lbnRhdGlvbiUyRlNlbnNvciUyMGxlbmd0aCUyMGFuZCUyMHdoZXJlJTIwdXNlZCUyMGluJTIwQUhVJTIwdW5pdHNfMTAuMDguMjAxNS5wZGYlMjIlM0UlMjAlMDlMdW5naW1lJTIwc2Vuem9yJTIwJUM4JTk5aSUyMHVuZGUlMjBlc3RlJTIwdXRpbGl6YXQlMjAlQzMlQUVuJTIwdW5pdCVDNCU4MyVDOCU5QmlsZSUyMEFIVSUwOSUyMCUwOSUyMCUwOSUwQSUzQyUyRmElM0UlM0MlMkZ0ZCUzRSUwQSUzQ3RkJTIwc3R5bGUlM0QlMjJoZWlnaHQlM0ElMjAyNHB4JTNCJTIyJTNFJTI2bmJzcCUzQiUzQyUyRnRkJTNFJTBBJTNDdGQlMjBzdHlsZSUzRCUyMmhlaWdodCUzQSUyMDI0cHglM0IlMjIlM0UlMEElM0NwJTNFRW5nbGV6JUM0JTgzJTNDJTJGcCUzRSUwQSUzQyUyRnRkJTNFJTBBJTNDJTJGdHIlM0UlMEElM0N0ciUzRSUwQSUzQ3RkJTIwc3R5bGUlM0QlMjJoZWlnaHQlM0ElMjAyNHB4JTNCJTIyJTNFJTI2bmJzcCUzQiUzQyUyRnRkJTNFJTBBJTNDdGQlMjBzdHlsZSUzRCUyMmhlaWdodCUzQSUyMDI0cHglM0IlMjIlM0UlMjZuYnNwJTNCJTNDJTJGdGQlM0UlMEElM0N0ZCUyMHN0eWxlJTNEJTIyaGVpZ2h0JTNBJTIwMjRweCUzQiUyMiUzRSUyNm5ic3AlM0IlM0MlMkZ0ZCUzRSUwQSUzQ3RkJTIwc3R5bGUlM0QlMjJoZWlnaHQlM0ElMjAyNHB4JTNCJTIyJTNFJTI2bmJzcCUzQiUzQyUyRnRkJTNFJTBBJTNDJTJGdHIlM0UlMEElM0N0ciUyMHN0eWxlJTNEJTIyYmFja2dyb3VuZC1jb2xvciUzQSUyMCUyMzk5Y2NmZiUzQiUyMiUzRSUwQSUzQ3RkJTIwc3R5bGUlM0QlMjJoZWlnaHQlM0ElMjAyNHB4JTNCJTIyJTNFJTI2bmJzcCUzQiUzQyUyRnRkJTNFJTBBJTNDdGQlMjBzdHlsZSUzRCUyMmhlaWdodCUzQSUyMDI0cHglM0IlMjIlM0UlMjZuYnNwJTNCJTNDJTJGdGQlM0UlMEElM0N0ZCUyMHN0eWxlJTNEJTIyaGVpZ2h0JTNBJTIwMjRweCUzQiUyMiUzRSUyNm5ic3AlM0IlM0MlMkZ0ZCUzRSUwQSUzQ3RkJTIwc3R5bGUlM0QlMjJoZWlnaHQlM0ElMjAyNHB4JTNCJTIyJTNFJTI2bmJzcCUzQiUzQyUyRnRkJTNFJTBBJTNDJTJGdHIlM0UlMEElM0MlMkZ0Ym9keSUzRSUwQSUzQyUyRnRhYmxlJTNF[\/vc_raw_html][\/vc_column][\/vc_row]<\/p>\n","protected":false},"excerpt":{"rendered":"<p>[vc_row][vc_column][vc_single_image image=&#8221;169&#8243; img_size=&#8221;full&#8221;][vc_column_text]Aici pute\u021bi vedea lungimea tuturor senzorilor de temperatur\u0103 din interiorul unit\u0103\u021bilor AHU \u0219i unde sunt utiliza\u021bi. Folosi\u021bi schema electric\u0103 ata\u0219at\u0103 pe site-ul web pentru fiecare unitate AHU pentru a v\u0103 asigura c\u0103 v\u0103 conecta\u021bi la borna corect\u0103 de pe placa principal\u0103[\/vc_column_text][vc_raw_html]JTNDdGFibGUlMjBzdHlsZSUzRCUyMndpZHRoJTNBJTIwMTAwJTI1JTNCJTIyJTIwY2VsbHNwYWNpbmclM0QlMjIwJTIyJTIwY2VsbHBhZGRpbmclM0QlMjIwJTIyJTIwYm9yZGVyJTNEJTIyMCUyMiUzRSUzQ2NvbGdyb3VwJTNFJTNDY29sJTIwd2lkdGglM0QlMjI2NCUyMiUzRSUyMCUzQ2NvbCUyMHdpZHRoJTNEJTIyMjI3JTIyJTNFJTIwJTNDY29sJTIwd2lkdGglM0QlMjI4NCUyMiUzRSUyMCUzQ2NvbCUyMHdpZHRoJTNEJTIyNjQlMjIlM0UlM0MlMkZjb2xncm91cCUzRSUwQSUzQ3Rib2R5JTNFJTBBJTNDdHIlM0UlMEElM0N0ZCUyMHdpZHRoJTNEJTIyNjQlMjIlMjBoZWlnaHQlM0QlMjIyMCUyMiUzRSUyNm5ic3AlM0IlM0MlMkZ0ZCUzRSUwQSUzQ3RkJTIwd2lkdGglM0QlMjIyMjclMjIlM0UlM0Nmb3JtJTIwYWN0aW9uJTNEJTIyJTIyJTIwbWV0aG9kJTNEJTIyZ2V0JTIyJTIwZW5jdHlwZSUzRCUyMmFwcGxpY2F0aW9uJTJGeC13d3ctZm9ybS11cmxlbmNvZGVkJTIyJTIwdGFyZ2V0JTNEJTIyJTIyJTNFJTBBJTNDaDMlMjBkaXIlM0QlMjJsdHIlMjIlM0VEZW51bWlyZSUyMGRvY3VtZW50JTNDJTJGaDMlM0UlMEElM0MlMkZmb3JtJTNFJTNDJTJGdGQlM0UlMEElM0N0ZCUyMHdpZHRoJTNEJTIyODQlMjIlM0UlMEElM0NoMyUzRSUyNm5ic3AlM0IlM0MlMkZoMyUzRSUwQSUzQyUyRnRkJTNFJTBBJTNDdGQlMjB3aWR0aCUzRCUyMjY0JTIyJTNFJTBBJTNDaDMlM0VMaW1iJUM0JTgzJTNDJTJGaDMlM0UlMEElM0MlMkZ0ZCUzRSUwQSUzQyUyRnRyJTNFJTBBJTNDdHIlMjBzdHlsZSUzRCUyMmJhY2tncm91bmQtY29sb3IlM0ElMjAlMjM5OWNjZmYlM0IlMjIlM0UlMEElM0N0ZCUyMHN0eWxlJTNEJTIyaGVpZ2h0JTNBJTIwMjRweCUzQiUyMiUzRSUzQ2ltZyUyMHNyYyUzRCUyMmh0dHAlM0ElMkYlMkZlbnN5Lm5vJTJGaW1hZ2VzJTJGaW1hZ2VzJTJGcGRmaWNvbi5wbmclMjIlMjBhbHQlM0QlMjIlMjIlMjBzdHlsZSUzRCUyMmZsb2F0JTNBJTIwcmlnaHQlM0IlMjIlMjBib3JkZXIlM0QlMjIwJTIyJTNFJTNDJTJGdGQlM0UlMEElM0N0ZCUyMHN0eWxlJTNEJTIyaGVpZ2h0JTNBJTIwMjRweCUzQiUyMiUzRSUzQ2ElMjBocmVmJTNEJTIyJTJGaW1hZ2VzJTJGZG9rdW1lbnRhdGlvbiUyRlNlbnNvciUyMGxlbmd0aCUyMGFuZCUyMHdoZXJlJTIwdXNlZCUyMGluJTIwQUhVJTIwdW5pdHNfMTAuMDguMjAxNS5wZGYlMjIlM0UlMjAlMDlMdW5naW1lJTIwc2Vuem9yJTIwJUM4JTk5aSUyMHVuZGUlMjBlc3RlJTIwdXRpbGl6YXQlMjAlQzMlQUVuJTIwdW5pdCVDNCU4MyVDOCU5QmlsZSUyMEFIVSUwOSUyMCUwOSUyMCUwOSUwQSUzQyUyRmElM0UlM0MlMkZ0ZCUzRSUwQSUzQ3RkJTIwc3R5bGUlM0QlMjJoZWlnaHQlM0ElMjAyNHB4JTNCJTIyJTNFJTI2bmJzcCUzQiUzQyUyRnRkJTNFJTBBJTNDdGQlMjBzdHlsZSUzRCUyMmhlaWdodCUzQSUyMDI0cHglM0IlMjIlM0UlMEElM0NwJTNFRW5nbGV6JUM0JTgzJTNDJTJGcCUzRSUwQSUzQyUyRnRkJTNFJTBBJTNDJTJGdHIlM0UlMEElM0N0ciUzRSUwQSUzQ3RkJTIwc3R5bGUlM0QlMjJoZWlnaHQlM0ElMjAyNHB4JTNCJTIyJTNFJTI2bmJzcCUzQiUzQyUyRnRkJTNFJTBBJTNDdGQlMjBzdHlsZSUzRCUyMmhlaWdodCUzQSUyMDI0cHglM0IlMjIlM0UlMjZuYnNwJTNCJTNDJTJGdGQlM0UlMEElM0N0ZCUyMHN0eWxlJTNEJTIyaGVpZ2h0JTNBJTIwMjRweCUzQiUyMiUzRSUyNm5ic3AlM0IlM0MlMkZ0ZCUzRSUwQSUzQ3RkJTIwc3R5bGUlM0QlMjJoZWlnaHQlM0ElMjAyNHB4JTNCJTIyJTNFJTI2bmJzcCUzQiUzQyUyRnRkJTNFJTBBJTNDJTJGdHIlM0UlMEElM0N0ciUyMHN0eWxlJTNEJTIyYmFja2dyb3VuZC1jb2xvciUzQSUyMCUyMzk5Y2NmZiUzQiUyMiUzRSUwQSUzQ3RkJTIwc3R5bGUlM0QlMjJoZWlnaHQlM0ElMjAyNHB4JTNCJTIyJTNFJTI2bmJzcCUzQiUzQyUyRnRkJTNFJTBBJTNDdGQlMjBzdHlsZSUzRCUyMmhlaWdodCUzQSUyMDI0cHglM0IlMjIlM0UlMjZuYnNwJTNCJTNDJTJGdGQlM0UlMEElM0N0ZCUyMHN0eWxlJTNEJTIyaGVpZ2h0JTNBJTIwMjRweCUzQiUyMiUzRSUyNm5ic3AlM0IlM0MlMkZ0ZCUzRSUwQSUzQ3RkJTIwc3R5bGUlM0QlMjJoZWlnaHQlM0ElMjAyNHB4JTNCJTIyJTNFJTI2bmJzcCUzQiUzQyUyRnRkJTNFJTBBJTNDJTJGdHIlM0UlMEElM0MlMkZ0Ym9keSUzRSUwQSUzQyUyRnRhYmxlJTNF[\/vc_raw_html][\/vc_column][\/vc_row]<\/p>\n","protected":false},"author":1,"featured_media":0,"parent":64,"menu_order":0,"comment_status":"closed","ping_status":"closed","template":"page-templates\/page-sidebar.php","meta":{"footnotes":""},"acf":[],"_links":{"self":[{"href":"https:\/\/ensy.no\/ro\/wp-json\/wp\/v2\/pages\/70"}],"collection":[{"href":"https:\/\/ensy.no\/ro\/wp-json\/wp\/v2\/pages"}],"about":[{"href":"https:\/\/ensy.no\/ro\/wp-json\/wp\/v2\/types\/page"}],"author":[{"embeddable":true,"href":"https:\/\/ensy.no\/ro\/wp-json\/wp\/v2\/users\/1"}],"replies":[{"embeddable":true,"href":"https:\/\/ensy.no\/ro\/wp-json\/wp\/v2\/comments?post=70"}],"version-history":[{"count":4,"href":"https:\/\/ensy.no\/ro\/wp-json\/wp\/v2\/pages\/70\/revisions"}],"predecessor-version":[{"id":771,"href":"https:\/\/ensy.no\/ro\/wp-json\/wp\/v2\/pages\/70\/revisions\/771"}],"up":[{"embeddable":true,"href":"https:\/\/ensy.no\/ro\/wp-json\/wp\/v2\/pages\/64"}],"wp:attachment":[{"href":"https:\/\/ensy.no\/ro\/wp-json\/wp\/v2\/media?parent=70"}],"curies":[{"name":"wp","href":"https:\/\/api.w.org\/{rel}","templated":true}]}}