{"id":6,"date":"2016-08-12T06:14:18","date_gmt":"2016-08-12T06:14:18","guid":{"rendered":"http:\/\/ensy.no\/ro\/?page_id=6"},"modified":"2025-02-17T09:50:37","modified_gmt":"2025-02-17T09:50:37","slug":"about-ensy","status":"publish","type":"page","link":"https:\/\/ensy.no\/ro\/about-ensy\/","title":{"rendered":"Despre Ensy"},"content":{"rendered":"<p>[vc_row][vc_column width=&#8221;1\/2&#8243;][vc_single_image image=&#8221;153&#8243; img_size=&#8221;medium&#8221;][\/vc_column][vc_column width=&#8221;1\/2&#8243;][vc_single_image image=&#8221;154&#8243; img_size=&#8221;medium&#8221; alignment=&#8221;center&#8221;][\/vc_column][\/vc_row][vc_row][vc_column][vc_column_text]ENSY \u0219i-a \u00eenceput activitatea \u00een 1903. De-a lungul anilor, firma a livrat produse de \u00eenc\u0103lzire \u0219i ventila\u021bie pentru mediile interioare pe pia\u021ba scandinav\u0103, european\u0103 \u0219i rus\u0103. Produsele au fost livrate sub nume de brand, cum ar fi Pyrox, Frico, Systemair \u0219i Villavent pentru a numi c\u00e2teva. \u00cencep\u00e2nd cu anii 70, ENSY a produs \u00een jur de 225.000 de unit\u0103\u021bi de ventila\u021bie reziden\u021biale \u0219i le-a livrat pe pia\u021ba rus\u0103, cea european\u0103 \u0219i cea scandinav\u0103.<\/p>\n<p>P\u00e2n\u0103 \u00een 2004, toat\u0103 produc\u021bia a fost \u00een afara ora\u0219ului Bergen din Norvegia. Dup\u0103 aceea, produc\u021bia a fost mutat\u0103 \u00een ora\u0219ul universitar Cluj Napoca din Rom\u00e2nia. \u00centreaga dezvoltare a produselor se realizeaz\u0103 \u00een prezent la sediul ENSY AS din Jaren, Norvegia (la aproximativ 75 km nord de Oslo), pentru a se men\u021bine aproape de pia\u021b\u0103. Principalul obiectiv al ENSY \u00een viitor este de a r\u0103m\u00e2ne \u00een frunte din punct de vedere tehnologic pentru a dezvolta \u0219i fabrica produse de ventila\u021bie ecologice.<\/p>\n<p>Cu o experien\u021b\u0103 \u00eendelungat\u0103 \u00een produc\u021bia \u0219i dezvoltarea ventila\u021biei reziden\u021biale, urm\u0103torul pas natural pentru ENSY a fost dezvoltarea \u0219i lansarea propriilor agregate de serie pentru o ventila\u021bie echilibrat\u0103.<\/p>\n<p>Ventila\u021bie cu eficien\u021b\u0103 energetic\u0103 pentru to\u021bi!<\/p>\n<p>ENSY AHU 200, 300, 400 \u0219i 700 sunt modele noi de unit\u0103\u021bi de ventila\u021bie din seria AHU de la ENSY. Au capacit\u0103\u021bi de la 200 p\u00e2n\u0103 la 700 m\u00b3\/or\u0103 \u0219i sunt potrivite pentru orice, de la apartamente \/ case \u0219i vile p\u00e2n\u0103 la cl\u0103diri de birouri mai mici \u0219i gr\u0103dini\u021be. Modelele se bazeaz\u0103 pe cea mai bun\u0103 tehnologie disponibil\u0103, ceea ce ne face s\u0103 ne num\u0103r\u0103m printre cei mai buni c\u00e2nd vine vorba de eficien\u021b\u0103 energetic\u0103, zgomot foarte redus, func\u021bionare convenabil\u0103, logic\u0103 \u0219i un design atr\u0103g\u0103tor.<\/p>\n<p>Agregatele AHU sunt, desigur, concepute pentru a acoperi cerin\u021bele reglement\u0103rilor actuale (TEK 17- standard norvegian). \u00cen plus, sunt conforme cu toate cerin\u021bele pentru agregate din standardul privind casele pasive. Standardul privind casele pasive: stabile\u0219te eficien\u021ba minim\u0103 a temperaturii de recuperare a c\u0103ldurii mai mare de 80%, nominal\u0103 de 82% sau mai mare \u0219i puterea specific\u0103 a ventilatorului unit\u0103\u021bii de ventila\u021bie (SFP) mai mic\u0103 de 1,5.<\/p>\n<p>Ventila\u021bia eficient\u0103 din punct de vedere energetic ofer\u0103, \u00een plus fa\u021b\u0103 de eficien\u021ba ridicat\u0103 \u0219i un SFP sc\u0103zut, un debit de aer adecvat la momentul potrivit. Cu tehnologia noastr\u0103, v\u0103 este permis s\u0103 controla\u021bi unit\u0103\u021bile, astfel \u00eenc\u00e2t s\u0103 ave\u021bi \u00een permanen\u021b\u0103 un mediu bun la interior \u0219i un consum redus de energie.<br \/>\nAHU 200, 300, 400 \u0219i 700 sunt proiectate pentru recuperarea c\u0103ldurii cu debite de aer de p\u00e2n\u0103 la 700 m\u00b3 \/ or\u0103. Energia din aerul evacuat este transferat\u0103 aerului proasp\u0103t prin intermediul schimb\u0103torului de c\u0103ldur\u0103 rotativ, unde fluxurile de aer trec unul pe l\u00e2ng\u0103 cel\u0103lalt f\u0103r\u0103 s\u0103 intre \u00een contact.<\/p>\n<p>Unitatea are la interior o bobin\u0103 de \u00eenc\u0103lzire pentru \u00eenc\u0103lzirea suplimentar\u0103 a aerului proasp\u0103t \u0219i umidostat pentru controlul umidit\u0103\u021bii. Unit\u0103\u021bile pot fi, de asemenea, conectate la hota de aragaz, comutatorul de impulsuri pentru gestionarea ventila\u021biei for\u021bate, de exemplu pentru baie, senzorul pentru gestionarea CO\u00b2 \u0219i comutatoarele pentru controlul func\u021biei de acas\u0103 \/plecat. Gestionarea echipamentelor op\u021bionale este, desigur, integrat\u0103 \u00een toate unit\u0103\u021bile AHU.<br \/>\nENSY \u00ee\u0219i propune s\u0103 continue din punct de vedere tehnologic \u0219i, prin urmare, noi, tot timpul, accept\u0103m informa\u021bii \u0219i feedback de la clien\u021bii no\u0219tri \u0219i ne adapt\u0103m nevoilor acestora.<\/p>\n<p>&nbsp;<\/p>\n<p><em>Toate produsele sunt realizate \u00een fabric\u0103 autorizat\u0103 ISO 9001: 2015: Certificat Reg. Nr. 20100 112 005 892.<\/em><\/p>\n<p><em>Unit\u0103\u021bile sunt dezvoltate conform standardului TEK 17 \u0219i certificate de firma german\u0103 TUV Rheinland.<\/em><\/p>\n<p><em>Produsele Ensy sunt certificate pentru pie\u021bele scandinav\u0103, european\u0103 \u0219i rus\u0103.<\/em><\/p>\n<p><a href=\"http:\/\/ensy.no\/images\/dokumentation\/392900-2%20Declaration%20of%20conformity%202015.pdf\">SAMSVARS ERKL\u00c6RING \u2013 DECLARA\u021aIE DE CONFORMITATE<\/a><\/p>\n<p>______________________<br \/>\nEdgar \u00d8deg\u00e5rd<br \/>\n<span style=\"font-weight: 400;\">Director executiv<\/span>[\/vc_column_text][\/vc_column][\/vc_row]<\/p>\n","protected":false},"excerpt":{"rendered":"<p>[vc_row][vc_column width=&#8221;1\/2&#8243;][vc_single_image image=&#8221;153&#8243; img_size=&#8221;medium&#8221;][\/vc_column][vc_column width=&#8221;1\/2&#8243;][vc_single_image image=&#8221;154&#8243; img_size=&#8221;medium&#8221; alignment=&#8221;center&#8221;][\/vc_column][\/vc_row][vc_row][vc_column][vc_column_text]ENSY \u0219i-a \u00eenceput activitatea \u00een 1903. De-a lungul anilor, firma a livrat produse de \u00eenc\u0103lzire \u0219i ventila\u021bie pentru mediile interioare pe pia\u021ba scandinav\u0103, european\u0103 \u0219i rus\u0103. Produsele au fost livrate sub nume de brand, cum ar fi Pyrox, Frico, Systemair \u0219i Villavent pentru a numi c\u00e2teva. \u00cencep\u00e2nd cu [&hellip;]<\/p>\n","protected":false},"author":1,"featured_media":0,"parent":0,"menu_order":0,"comment_status":"closed","ping_status":"closed","template":"","meta":{"footnotes":""},"acf":[],"_links":{"self":[{"href":"https:\/\/ensy.no\/ro\/wp-json\/wp\/v2\/pages\/6"}],"collection":[{"href":"https:\/\/ensy.no\/ro\/wp-json\/wp\/v2\/pages"}],"about":[{"href":"https:\/\/ensy.no\/ro\/wp-json\/wp\/v2\/types\/page"}],"author":[{"embeddable":true,"href":"https:\/\/ensy.no\/ro\/wp-json\/wp\/v2\/users\/1"}],"replies":[{"embeddable":true,"href":"https:\/\/ensy.no\/ro\/wp-json\/wp\/v2\/comments?post=6"}],"version-history":[{"count":8,"href":"https:\/\/ensy.no\/ro\/wp-json\/wp\/v2\/pages\/6\/revisions"}],"predecessor-version":[{"id":859,"href":"https:\/\/ensy.no\/ro\/wp-json\/wp\/v2\/pages\/6\/revisions\/859"}],"wp:attachment":[{"href":"https:\/\/ensy.no\/ro\/wp-json\/wp\/v2\/media?parent=6"}],"curies":[{"name":"wp","href":"https:\/\/api.w.org\/{rel}","templated":true}]}}