{"id":68,"date":"2016-09-23T02:55:02","date_gmt":"2016-09-23T02:55:02","guid":{"rendered":"http:\/\/ensy.no\/es\/?page_id=68"},"modified":"2022-12-19T16:02:03","modified_gmt":"2022-12-19T16:02:03","slug":"filter","status":"publish","type":"page","link":"https:\/\/ensy.no\/es\/service-and-maintenance\/filter\/","title":{"rendered":"Filtro"},"content":{"rendered":"<p>[vc_row][vc_column][vc_single_image image=&#8221;164&#8243; img_size=&#8221;full&#8221;][vc_column_text]<span style=\"font-weight: 400;\">Para garantizar unas propiedades \u00f3ptimas en la unidad AHU, se deben utilizar filtros originales al cambiar los filtros. El uso de filtros espurios limitar\u00e1 la garant\u00eda de la unidad.<\/span>[\/vc_column_text][vc_raw_html]JTNDdGFibGUlMjBzdHlsZSUzRCUyMndpZHRoJTNBJTIwMTAwJTI1JTNCJTIyJTIwY2VsbHNwYWNpbmclM0QlMjIwJTIyJTIwY2VsbHBhZGRpbmclM0QlMjIwJTIyJTIwYm9yZGVyJTNEJTIyMCUyMiUzRSUzQ2NvbGdyb3VwJTNFJTNDY29sJTIwd2lkdGglM0QlMjI2NCUyMiUzRSUyMCUzQ2NvbCUyMHdpZHRoJTNEJTIyMjI3JTIyJTNFJTIwJTNDY29sJTIwd2lkdGglM0QlMjI4NCUyMiUzRSUyMCUzQ2NvbCUyMHdpZHRoJTNEJTIyNjQlMjIlM0UlM0MlMkZjb2xncm91cCUzRSUwQSUzQ3Rib2R5JTNFJTBBJTNDdHIlM0UlMEElM0N0ZCUyMHdpZHRoJTNEJTIyNjQlMjIlMjBoZWlnaHQlM0QlMjIyMCUyMiUzRSUyNm5ic3AlM0IlM0MlMkZ0ZCUzRSUwQSUzQ3RkJTIwd2lkdGglM0QlMjIyMjclMjIlM0UlM0Nmb3JtJTIwYWN0aW9uJTNEJTIyJTIyJTIwbWV0aG9kJTNEJTIyZ2V0JTIyJTIwZW5jdHlwZSUzRCUyMmFwcGxpY2F0aW9uJTJGeC13d3ctZm9ybS11cmxlbmNvZGVkJTIyJTIwdGFyZ2V0JTNEJTIyJTIyJTNFJTBBJTNDaDMlMjBkaXIlM0QlMjJsdHIlMjIlM0VOb21icmUlMjBkZWwlMjBkb2N1bWVudG8lM0MlMkZoMyUzRSUwQSUzQyUyRmZvcm0lM0UlM0MlMkZ0ZCUzRSUwQSUzQ3RkJTIwd2lkdGglM0QlMjI4NCUyMiUzRSUwQSUzQ2gzJTNFJTI2bmJzcCUzQiUzQyUyRmgzJTNFJTBBJTNDJTJGdGQlM0UlMEElM0N0ZCUyMHdpZHRoJTNEJTIyNjQlMjIlM0UlMEElM0NoMyUzRUlkaW9tYSUzQyUyRmgzJTNFJTBBJTNDJTJGdGQlM0UlMEElM0MlMkZ0ciUzRSUwQSUzQ3RyJTIwc3R5bGUlM0QlMjJiYWNrZ3JvdW5kLWNvbG9yJTNBJTIwJTIzOTljY2ZmJTNCJTIyJTNFJTBBJTNDdGQlMjBzdHlsZSUzRCUyMmhlaWdodCUzQSUyMDI0cHglM0IlMjIlM0UlM0NpbWclMjBzcmMlM0QlMjJodHRwJTNBJTJGJTJGZW5zeS5ubyUyRmltYWdlcyUyRmltYWdlcyUyRnBkZmljb24ucG5nJTIyJTIwYWx0JTNEJTIyJTIyJTIwc3R5bGUlM0QlMjJmbG9hdCUzQSUyMHJpZ2h0JTNCJTIyJTIwYm9yZGVyJTNEJTIyMCUyMiUzRSUzQyUyRnRkJTNFJTBBJTNDdGQlMjBzdHlsZSUzRCUyMmhlaWdodCUzQSUyMDI0cHglM0IlMjIlM0UlM0NhJTIwaHJlZiUzRCUyMiUyRmltYWdlcyUyRmRva3VtZW50YXRpb24lMkYzOTI5MDctMiUyMEJlc3RpbGxpbmdfRmlsdGVyYWJvbm5lbWVudF9FbnN5JTIwUmV2XzEwXzA2LjAzLjIwMTUucGRmJTIyJTNFJTA5U3VzY3JpcGNpJUMzJUIzbiUyMEZpbHRyb3MlMjBFbnN5JTIwVW5pZGFkZXMlMjBBSFUlMDklMjAlMDklM0MlMkZhJTNFJTNDJTJGdGQlM0UlMEElM0N0ZCUyMHN0eWxlJTNEJTIyaGVpZ2h0JTNBJTIwMjRweCUzQiUyMiUzRSUyNm5ic3AlM0IlM0MlMkZ0ZCUzRSUwQSUzQ3RkJTIwc3R5bGUlM0QlMjJoZWlnaHQlM0ElMjAyNHB4JTNCJTIyJTNFJTBBJTNDcCUzRU5vcnVlZ28lM0MlMkZwJTNFJTBBJTNDJTJGdGQlM0UlMEElM0MlMkZ0ciUzRSUwQSUzQ3RyJTNFJTBBJTNDdGQlMjBzdHlsZSUzRCUyMmhlaWdodCUzQSUyMDI0cHglM0IlMjIlM0UlMjZuYnNwJTNCJTNDJTJGdGQlM0UlMEElM0N0ZCUyMHN0eWxlJTNEJTIyaGVpZ2h0JTNBJTIwMjRweCUzQiUyMiUzRSUyNm5ic3AlM0IlM0MlMkZ0ZCUzRSUwQSUzQ3RkJTIwc3R5bGUlM0QlMjJoZWlnaHQlM0ElMjAyNHB4JTNCJTIyJTNFJTI2bmJzcCUzQiUzQyUyRnRkJTNFJTBBJTNDdGQlMjBzdHlsZSUzRCUyMmhlaWdodCUzQSUyMDI0cHglM0IlMjIlM0UlMjZuYnNwJTNCJTNDJTJGdGQlM0UlMEElM0MlMkZ0ciUzRSUwQSUzQ3RyJTIwc3R5bGUlM0QlMjJiYWNrZ3JvdW5kLWNvbG9yJTNBJTIwJTIzOTljY2ZmJTNCJTIyJTNFJTBBJTNDdGQlMjBzdHlsZSUzRCUyMmhlaWdodCUzQSUyMDI0cHglM0IlMjIlM0UlMjZuYnNwJTNCJTNDJTJGdGQlM0UlMEElM0N0ZCUyMHN0eWxlJTNEJTIyaGVpZ2h0JTNBJTIwMjRweCUzQiUyMiUzRSUyNm5ic3AlM0IlM0MlMkZ0ZCUzRSUwQSUzQ3RkJTIwc3R5bGUlM0QlMjJoZWlnaHQlM0ElMjAyNHB4JTNCJTIyJTNFJTI2bmJzcCUzQiUzQyUyRnRkJTNFJTBBJTNDdGQlMjBzdHlsZSUzRCUyMmhlaWdodCUzQSUyMDI0cHglM0IlMjIlM0UlMjZuYnNwJTNCJTNDJTJGdGQlM0UlMEElM0MlMkZ0ciUzRSUwQSUzQyUyRnRib2R5JTNFJTBBJTNDJTJGdGFibGUlM0U=[\/vc_raw_html][\/vc_column][\/vc_row]<\/p>\n","protected":false},"excerpt":{"rendered":"<p>[vc_row][vc_column][vc_single_image image=&#8221;164&#8243; img_size=&#8221;full&#8221;][vc_column_text]Para garantizar unas propiedades \u00f3ptimas en la unidad AHU, se deben utilizar filtros originales al cambiar los filtros. El uso de filtros espurios limitar\u00e1 la garant\u00eda de la unidad.[\/vc_column_text][vc_raw_html]JTNDdGFibGUlMjBzdHlsZSUzRCUyMndpZHRoJTNBJTIwMTAwJTI1JTNCJTIyJTIwY2VsbHNwYWNpbmclM0QlMjIwJTIyJTIwY2VsbHBhZGRpbmclM0QlMjIwJTIyJTIwYm9yZGVyJTNEJTIyMCUyMiUzRSUzQ2NvbGdyb3VwJTNFJTNDY29sJTIwd2lkdGglM0QlMjI2NCUyMiUzRSUyMCUzQ2NvbCUyMHdpZHRoJTNEJTIyMjI3JTIyJTNFJTIwJTNDY29sJTIwd2lkdGglM0QlMjI4NCUyMiUzRSUyMCUzQ2NvbCUyMHdpZHRoJTNEJTIyNjQlMjIlM0UlM0MlMkZjb2xncm91cCUzRSUwQSUzQ3Rib2R5JTNFJTBBJTNDdHIlM0UlMEElM0N0ZCUyMHdpZHRoJTNEJTIyNjQlMjIlMjBoZWlnaHQlM0QlMjIyMCUyMiUzRSUyNm5ic3AlM0IlM0MlMkZ0ZCUzRSUwQSUzQ3RkJTIwd2lkdGglM0QlMjIyMjclMjIlM0UlM0Nmb3JtJTIwYWN0aW9uJTNEJTIyJTIyJTIwbWV0aG9kJTNEJTIyZ2V0JTIyJTIwZW5jdHlwZSUzRCUyMmFwcGxpY2F0aW9uJTJGeC13d3ctZm9ybS11cmxlbmNvZGVkJTIyJTIwdGFyZ2V0JTNEJTIyJTIyJTNFJTBBJTNDaDMlMjBkaXIlM0QlMjJsdHIlMjIlM0VOb21icmUlMjBkZWwlMjBkb2N1bWVudG8lM0MlMkZoMyUzRSUwQSUzQyUyRmZvcm0lM0UlM0MlMkZ0ZCUzRSUwQSUzQ3RkJTIwd2lkdGglM0QlMjI4NCUyMiUzRSUwQSUzQ2gzJTNFJTI2bmJzcCUzQiUzQyUyRmgzJTNFJTBBJTNDJTJGdGQlM0UlMEElM0N0ZCUyMHdpZHRoJTNEJTIyNjQlMjIlM0UlMEElM0NoMyUzRUlkaW9tYSUzQyUyRmgzJTNFJTBBJTNDJTJGdGQlM0UlMEElM0MlMkZ0ciUzRSUwQSUzQ3RyJTIwc3R5bGUlM0QlMjJiYWNrZ3JvdW5kLWNvbG9yJTNBJTIwJTIzOTljY2ZmJTNCJTIyJTNFJTBBJTNDdGQlMjBzdHlsZSUzRCUyMmhlaWdodCUzQSUyMDI0cHglM0IlMjIlM0UlM0NpbWclMjBzcmMlM0QlMjJodHRwJTNBJTJGJTJGZW5zeS5ubyUyRmltYWdlcyUyRmltYWdlcyUyRnBkZmljb24ucG5nJTIyJTIwYWx0JTNEJTIyJTIyJTIwc3R5bGUlM0QlMjJmbG9hdCUzQSUyMHJpZ2h0JTNCJTIyJTIwYm9yZGVyJTNEJTIyMCUyMiUzRSUzQyUyRnRkJTNFJTBBJTNDdGQlMjBzdHlsZSUzRCUyMmhlaWdodCUzQSUyMDI0cHglM0IlMjIlM0UlM0NhJTIwaHJlZiUzRCUyMiUyRmltYWdlcyUyRmRva3VtZW50YXRpb24lMkYzOTI5MDctMiUyMEJlc3RpbGxpbmdfRmlsdGVyYWJvbm5lbWVudF9FbnN5JTIwUmV2XzEwXzA2LjAzLjIwMTUucGRmJTIyJTNFJTA5U3VzY3JpcGNpJUMzJUIzbiUyMEZpbHRyb3MlMjBFbnN5JTIwVW5pZGFkZXMlMjBBSFUlMDklMjAlMDklM0MlMkZhJTNFJTNDJTJGdGQlM0UlMEElM0N0ZCUyMHN0eWxlJTNEJTIyaGVpZ2h0JTNBJTIwMjRweCUzQiUyMiUzRSUyNm5ic3AlM0IlM0MlMkZ0ZCUzRSUwQSUzQ3RkJTIwc3R5bGUlM0QlMjJoZWlnaHQlM0ElMjAyNHB4JTNCJTIyJTNFJTBBJTNDcCUzRU5vcnVlZ28lM0MlMkZwJTNFJTBBJTNDJTJGdGQlM0UlMEElM0MlMkZ0ciUzRSUwQSUzQ3RyJTNFJTBBJTNDdGQlMjBzdHlsZSUzRCUyMmhlaWdodCUzQSUyMDI0cHglM0IlMjIlM0UlMjZuYnNwJTNCJTNDJTJGdGQlM0UlMEElM0N0ZCUyMHN0eWxlJTNEJTIyaGVpZ2h0JTNBJTIwMjRweCUzQiUyMiUzRSUyNm5ic3AlM0IlM0MlMkZ0ZCUzRSUwQSUzQ3RkJTIwc3R5bGUlM0QlMjJoZWlnaHQlM0ElMjAyNHB4JTNCJTIyJTNFJTI2bmJzcCUzQiUzQyUyRnRkJTNFJTBBJTNDdGQlMjBzdHlsZSUzRCUyMmhlaWdodCUzQSUyMDI0cHglM0IlMjIlM0UlMjZuYnNwJTNCJTNDJTJGdGQlM0UlMEElM0MlMkZ0ciUzRSUwQSUzQ3RyJTIwc3R5bGUlM0QlMjJiYWNrZ3JvdW5kLWNvbG9yJTNBJTIwJTIzOTljY2ZmJTNCJTIyJTNFJTBBJTNDdGQlMjBzdHlsZSUzRCUyMmhlaWdodCUzQSUyMDI0cHglM0IlMjIlM0UlMjZuYnNwJTNCJTNDJTJGdGQlM0UlMEElM0N0ZCUyMHN0eWxlJTNEJTIyaGVpZ2h0JTNBJTIwMjRweCUzQiUyMiUzRSUyNm5ic3AlM0IlM0MlMkZ0ZCUzRSUwQSUzQ3RkJTIwc3R5bGUlM0QlMjJoZWlnaHQlM0ElMjAyNHB4JTNCJTIyJTNFJTI2bmJzcCUzQiUzQyUyRnRkJTNFJTBBJTNDdGQlMjBzdHlsZSUzRCUyMmhlaWdodCUzQSUyMDI0cHglM0IlMjIlM0UlMjZuYnNwJTNCJTNDJTJGdGQlM0UlMEElM0MlMkZ0ciUzRSUwQSUzQyUyRnRib2R5JTNFJTBBJTNDJTJGdGFibGUlM0U=[\/vc_raw_html][\/vc_column][\/vc_row]<\/p>\n","protected":false},"author":1,"featured_media":0,"parent":64,"menu_order":0,"comment_status":"closed","ping_status":"closed","template":"page-templates\/page-sidebar.php","meta":{"footnotes":""},"acf":[],"_links":{"self":[{"href":"https:\/\/ensy.no\/es\/wp-json\/wp\/v2\/pages\/68"}],"collection":[{"href":"https:\/\/ensy.no\/es\/wp-json\/wp\/v2\/pages"}],"about":[{"href":"https:\/\/ensy.no\/es\/wp-json\/wp\/v2\/types\/page"}],"author":[{"embeddable":true,"href":"https:\/\/ensy.no\/es\/wp-json\/wp\/v2\/users\/1"}],"replies":[{"embeddable":true,"href":"https:\/\/ensy.no\/es\/wp-json\/wp\/v2\/comments?post=68"}],"version-history":[{"count":6,"href":"https:\/\/ensy.no\/es\/wp-json\/wp\/v2\/pages\/68\/revisions"}],"predecessor-version":[{"id":759,"href":"https:\/\/ensy.no\/es\/wp-json\/wp\/v2\/pages\/68\/revisions\/759"}],"up":[{"embeddable":true,"href":"https:\/\/ensy.no\/es\/wp-json\/wp\/v2\/pages\/64"}],"wp:attachment":[{"href":"https:\/\/ensy.no\/es\/wp-json\/wp\/v2\/media?parent=68"}],"curies":[{"name":"wp","href":"https:\/\/api.w.org\/{rel}","templated":true}]}}