{"id":62,"date":"2016-09-23T02:47:59","date_gmt":"2016-09-23T02:47:59","guid":{"rendered":"http:\/\/ensy.no\/es\/?page_id=62"},"modified":"2022-12-19T14:49:41","modified_gmt":"2022-12-19T14:49:41","slug":"how-it-works","status":"publish","type":"page","link":"https:\/\/ensy.no\/es\/demand-controlled-ventilation\/how-it-works\/","title":{"rendered":"\u00bfC\u00f3mo funciona?"},"content":{"rendered":"<p>[vc_row][vc_column][vc_column_text]<\/p>\n<h2>\u00bfC\u00f3mo funciona la ventilaci\u00f3n controlada por la demanda?<\/h2>\n<p>Ventilaci\u00f3n controlada por la demanda. La ventilaci\u00f3n eficiente desde el punto de vista energ\u00e9tico se encarga, adem\u00e1s de la alta eficiencia energ\u00e9tica y el bajo SFP, de proporcionar el flujo de aire adecuado en el momento oportuno. Con la tecnolog\u00eda actual se ofrece la oportunidad de exigir el control de la ventilaci\u00f3n permitiendo que se mantenga un buen ambiente interior y un bajo consumo de energ\u00eda.<\/p>\n<p>Detector de movimiento: cuando se instala en la sala de estar, esto indicar\u00e1 a la unidad que aumente la velocidad al m\u00e1ximo el flujo de aire.<br \/>\nUnidad de ventilaci\u00f3n situada en habitaciones adecuadas en la vivienda (cuarto de servicio \/ lavadero) para garantizar un f\u00e1cil acceso para el servicio y el cambio de filtros.<br \/>\nSensor de humedad: est\u00e1 incorporado en la unidad, de forma est\u00e1ndar, desde la f\u00e1brica. Cuando se instalan sensores adicionales en ba\u00f1os demasiado h\u00famedos, entonces este sensor proporcionar\u00e1 una se\u00f1al m\u00e1s r\u00e1pida sobre el nivel de humedad en la habitaci\u00f3n y proporcionar\u00e1 una ventilaci\u00f3n forzada m\u00e1s r\u00e1pida. (flujo de aire m\u00e1ximo).<br \/>\nSensor de CO2: se puede instalar en las salas de estar, se\u00f1alar\u00e1 el nivel de contaminaci\u00f3n existente en la habitaci\u00f3n. La ventilaci\u00f3n se regula seg\u00fan las necesidades.<br \/>\nHorno \/ Chimenea \/ Ba\u00f1os: el interruptor de pulso inal\u00e1mbrico se puede utilizar para aumentar el suministro de aire en el hogar. Montado en un lugar adecuado en relaci\u00f3n con el fuego. Tambi\u00e9n puede colocarse cerca del cuarto de ba\u00f1o para facilitar el funcionamiento mediante ventilaci\u00f3n forzada. (Flujo de aire m\u00e1ximo)<br \/>\nPanel de control colocado en un lugar adecuado en su hogar para hacer que el monitoreo y la regulaci\u00f3n de la ventilaci\u00f3n sean lo m\u00e1s simple posible.<br \/>\nLa unidad es adecuada para la conexi\u00f3n de una campana de cocina externa. Se trata de una soluci\u00f3n alternativa para los problemas de escape a trav\u00e9s de la pared.<\/p>\n<p><img decoding=\"async\" loading=\"lazy\" class=\"aligncenter wp-image-146 size-full\" src=\"http:\/\/ensy.no\/es\/wp-content\/uploads\/sites\/7\/2016\/09\/anitahus675.png\" alt=\"anitahus675\" width=\"675\" height=\"632\" srcset=\"https:\/\/ensy.no\/es\/wp-content\/uploads\/sites\/13\/2016\/09\/anitahus675.png 675w, https:\/\/ensy.no\/es\/wp-content\/uploads\/sites\/13\/2016\/09\/anitahus675-300x281.png 300w, https:\/\/ensy.no\/es\/wp-content\/uploads\/sites\/13\/2016\/09\/anitahus675-160x150.png 160w\" sizes=\"(max-width: 675px) 100vw, 675px\" \/>[\/vc_column_text][\/vc_column][\/vc_row]<\/p>\n","protected":false},"excerpt":{"rendered":"<p>[vc_row][vc_column][vc_column_text] \u00bfC\u00f3mo funciona la ventilaci\u00f3n controlada por la demanda? Ventilaci\u00f3n controlada por la demanda. La ventilaci\u00f3n eficiente desde el punto de vista energ\u00e9tico se encarga, adem\u00e1s de la alta eficiencia energ\u00e9tica y el bajo SFP, de proporcionar el flujo de aire adecuado en el momento oportuno. Con la tecnolog\u00eda actual se ofrece la oportunidad de [&hellip;]<\/p>\n","protected":false},"author":1,"featured_media":0,"parent":57,"menu_order":0,"comment_status":"closed","ping_status":"closed","template":"page-templates\/page-sidebar.php","meta":{"footnotes":""},"acf":[],"_links":{"self":[{"href":"https:\/\/ensy.no\/es\/wp-json\/wp\/v2\/pages\/62"}],"collection":[{"href":"https:\/\/ensy.no\/es\/wp-json\/wp\/v2\/pages"}],"about":[{"href":"https:\/\/ensy.no\/es\/wp-json\/wp\/v2\/types\/page"}],"author":[{"embeddable":true,"href":"https:\/\/ensy.no\/es\/wp-json\/wp\/v2\/users\/1"}],"replies":[{"embeddable":true,"href":"https:\/\/ensy.no\/es\/wp-json\/wp\/v2\/comments?post=62"}],"version-history":[{"count":6,"href":"https:\/\/ensy.no\/es\/wp-json\/wp\/v2\/pages\/62\/revisions"}],"predecessor-version":[{"id":750,"href":"https:\/\/ensy.no\/es\/wp-json\/wp\/v2\/pages\/62\/revisions\/750"}],"up":[{"embeddable":true,"href":"https:\/\/ensy.no\/es\/wp-json\/wp\/v2\/pages\/57"}],"wp:attachment":[{"href":"https:\/\/ensy.no\/es\/wp-json\/wp\/v2\/media?parent=62"}],"curies":[{"name":"wp","href":"https:\/\/api.w.org\/{rel}","templated":true}]}}