{"id":60,"date":"2016-09-23T02:47:44","date_gmt":"2016-09-23T02:47:44","guid":{"rendered":"http:\/\/ensy.no\/es\/?page_id=60"},"modified":"2022-12-19T14:47:20","modified_gmt":"2022-12-19T14:47:20","slug":"why-demand-controlled-ventilation","status":"publish","type":"page","link":"https:\/\/ensy.no\/es\/demand-controlled-ventilation\/why-demand-controlled-ventilation\/","title":{"rendered":"Por qu\u00e9 utilizar la ventilaci\u00f3n controlada por la demanda"},"content":{"rendered":"<p>[vc_row][vc_column][vc_column_text]<\/p>\n<h2>\u00bfEst\u00e1 pensando en por qu\u00e9 debe ventilar su vivienda ?<\/h2>\n<p>Existen dos razones principales por las que necesitamos ventilar:<\/p>\n<h4>1. Proporcionar aire fresco y limpio que mejore el ambiente en la vivienda, proporcion\u00e1ndole a usted una mejor calidad de vida<\/h4>\n<p>Las viviendas nuevas y modernas se someten a pruebas de estanqueidad de acuerdo con la normativa de construcci\u00f3n, lo que significa que hay que sustituir el aire mediante una ventilaci\u00f3n mec\u00e1nica equilibrada.<\/p>\n<h4>2. Prevenir los da\u00f1os causados por el moho y la humedad<\/h4>\n<p>Cuando todas las viviendas son herm\u00e9ticas, es esencial conseguir habitaciones ventiladas para que la humedad no se forme y se instale. Esto, a su vez, puede provocar la aparici\u00f3n de moho y podredumbre.<\/p>\n<p>Adem\u00e1s, las posibilidades son grandes para personalizar su FUNCIONAMIENTO . Se puede, por ejemplo : SUBIR la extracci\u00f3n de la humedad durante el uso , acelera el suministro DE AIRE en las habitaciones con chimenea encendiendo el fuego, forzando LA EXTRACCI\u00d3N en el espacio a una saturaci\u00f3n de CO2 ALTA , BAJANDO la ventilaci\u00f3n utilizando la funci\u00f3n &#8220;away&#8221;, etc.<\/p>\n<h2>\u00bfD\u00f3nde se utiliza la ventilaci\u00f3n controlada por demanda?<\/h2>\n<p>En todas las viviendas ser\u00e1 conveniente utilizar la ventilaci\u00f3n con control de demanda.<\/p>\n<p>Suministro de aire forzado cuando EST\u00c1 FUNCIONANDO en HABITACIONES CON chimeneas DE le\u00f1a.<\/p>\n<p>Extracci\u00f3n forzada de la humedad durante el uso.<br \/>\nExtracci\u00f3n e impulsi\u00f3n forzadas de aire en salas donde residen muchas personas y la saturaci\u00f3n de CO2 es alta.<br \/>\nBaja ventilaci\u00f3n y reducci\u00f3n de la energ\u00eda cuando usted no est\u00e1.<\/p>\n<p>Estos ejemplos y otros m\u00e1s est\u00e1n integrados en el controlador de la Ensy AHU.[\/vc_column_text][\/vc_column][\/vc_row]<\/p>\n","protected":false},"excerpt":{"rendered":"<p>[vc_row][vc_column][vc_column_text] \u00bfEst\u00e1 pensando en por qu\u00e9 debe ventilar su vivienda ? Existen dos razones principales por las que necesitamos ventilar: 1. Proporcionar aire fresco y limpio que mejore el ambiente en la vivienda, proporcion\u00e1ndole a usted una mejor calidad de vida Las viviendas nuevas y modernas se someten a pruebas de estanqueidad de acuerdo con [&hellip;]<\/p>\n","protected":false},"author":1,"featured_media":0,"parent":57,"menu_order":0,"comment_status":"closed","ping_status":"closed","template":"page-templates\/page-sidebar.php","meta":{"footnotes":""},"acf":[],"_links":{"self":[{"href":"https:\/\/ensy.no\/es\/wp-json\/wp\/v2\/pages\/60"}],"collection":[{"href":"https:\/\/ensy.no\/es\/wp-json\/wp\/v2\/pages"}],"about":[{"href":"https:\/\/ensy.no\/es\/wp-json\/wp\/v2\/types\/page"}],"author":[{"embeddable":true,"href":"https:\/\/ensy.no\/es\/wp-json\/wp\/v2\/users\/1"}],"replies":[{"embeddable":true,"href":"https:\/\/ensy.no\/es\/wp-json\/wp\/v2\/comments?post=60"}],"version-history":[{"count":7,"href":"https:\/\/ensy.no\/es\/wp-json\/wp\/v2\/pages\/60\/revisions"}],"predecessor-version":[{"id":749,"href":"https:\/\/ensy.no\/es\/wp-json\/wp\/v2\/pages\/60\/revisions\/749"}],"up":[{"embeddable":true,"href":"https:\/\/ensy.no\/es\/wp-json\/wp\/v2\/pages\/57"}],"wp:attachment":[{"href":"https:\/\/ensy.no\/es\/wp-json\/wp\/v2\/media?parent=60"}],"curies":[{"name":"wp","href":"https:\/\/api.w.org\/{rel}","templated":true}]}}