{"id":6,"date":"2016-08-12T06:14:18","date_gmt":"2016-08-12T06:14:18","guid":{"rendered":"http:\/\/ensy.no\/es\/?page_id=6"},"modified":"2025-02-17T09:52:07","modified_gmt":"2025-02-17T09:52:07","slug":"about-ensy","status":"publish","type":"page","link":"https:\/\/ensy.no\/es\/about-ensy\/","title":{"rendered":"Sobre Ensy"},"content":{"rendered":"<p>[vc_row][vc_column width=&#8221;1\/2&#8243;][vc_single_image image=&#8221;153&#8243; img_size=&#8221;medium&#8221;][\/vc_column][vc_column width=&#8221;1\/2&#8243;][vc_single_image image=&#8221;154&#8243; img_size=&#8221;medium&#8221; alignment=&#8221;center&#8221;][\/vc_column][\/vc_row][vc_row][vc_column][vc_column_text]La actividad de ENSY comenz\u00f3 en 1903. A lo largo de los a\u00f1os, la empresa ha suministrado productos de calefacci\u00f3n y ventilaci\u00f3n para ambientes interiores al mercado escandinavo, europeo y ruso. Los productos se han suministrado bajo marcas como Pyrox, Frico, Systemair y Villavent, por nombrar algunas. Desde los a\u00f1os 70, ENSY ha fabricado unas 225.000 unidades de ventilaci\u00f3n residencial y las ha suministrado al mercado ruso, europeo y escandinavo.<\/p>\n<p>Hasta 2004, toda la producci\u00f3n se realizaba fuera de Bergen, en Noruega. Despu\u00e9s, la producci\u00f3n se traslad\u00f3 a la ciudad universitaria de Cluj Napoca, en Ruman\u00eda. Todo el desarrollo de productos se realiza ahora en la sede de ENSY AS en Jaren (Noruega), a unos 75 km al norte de Oslo, para mantener la proximidad al mercado. El principal objetivo de ENSY en el futuro es mantenerse a la vanguardia tecnol\u00f3gica para desarrollar y fabricar productos de ventilaci\u00f3n ambiental.<\/p>\n<p>Gracias a su larga experiencia en la fabricaci\u00f3n y el desarrollo de la ventilaci\u00f3n residencial, el siguiente paso natural para ENSY fue desarrollar y lanzar sus propios APARATOS de serie para la ventilaci\u00f3n equilibrada.<\/p>\n<p>\u00a1Ventilaci\u00f3n energ\u00e9ticamente eficiente para todos!<\/p>\n<p>ENSY AHU 200, 300, 400 y 700 son nuevos modelos de unidades de ventilaci\u00f3n de la serie AHU de ENSY. La capacidad es de 200 a 700 m\u00b3\/h y es adecuada para todo, desde apartamentos\/casas y villas hasta peque\u00f1os edificios de oficinas y guarder\u00edas. Los modelos se basan en la mejor tecnolog\u00eda disponible, por lo que son de lo mejor en cuanto a eficiencia energ\u00e9tica, muy poco ruido, funcionamiento c\u00f3modo y l\u00f3gico y un dise\u00f1o atractivo.<\/p>\n<p>Los conjuntos de AHU est\u00e1n, por supuesto, dise\u00f1ados para cubrir las exigencias de la normativa actual APARTE norma noruega TEK 17. Adem\u00e1s, gestiona todos los requisitos de la norma Passive House. Norma Passive House: establece una eficiencia m\u00ednima de la temperatura de recuperaci\u00f3n de calor superior al 80 %, nominal del 82 % o superior y una potencia espec\u00edfica del ventilador de la unidad de ventilaci\u00f3n (SFP) inferior a 1,5.<\/p>\n<p>Los oficios de la ventilaci\u00f3n eficiente desde el punto de vista energ\u00e9tico, adem\u00e1s de la alta eficiencia y el bajo SFP, tambi\u00e9n consisten en suministrar el flujo de aire adecuado en el momento oportuno. Nuestra tecnolog\u00eda le permite controlar las unidades de manera que se cuide en todo momento un buen ambiente interior y un bajo consumo de energ\u00eda.<br \/>\nLas AHU 200, 300, 400 y 700 est\u00e1n dise\u00f1adas para la recuperaci\u00f3n de calor con caudales de aire de hasta 700 m\u00b3\/h. La energ\u00eda del aire de EVACUACI\u00d3N se transfiere al aire SUMINISTRADO a trav\u00e9s de un intercambiador de calor rotativo en el que los flujos de aire se cruzan sin entrar en contacto.<\/p>\n<p>La unidad tiene en su interior una bater\u00eda de calefacci\u00f3n para el calentamiento suplementario del aire de suministro y un humidostato para el control de la humedad. Las unidades tambi\u00e9n pueden conectarse a la campana extractora, al interruptor de pulso para la gesti\u00f3n de la ventilaci\u00f3n forzada por jemplo para el ba\u00f1o, al sensor para la gesti\u00f3n del CO\u00b2 y a los interruptores para el control de la funci\u00f3n de casa \/ fuera. Por supuesto, la gesti\u00f3n de los equipos opcionales est\u00e1 integrada en todas las unidades AHU.<br \/>\nEl objetivo de ENSY es seguir en la vanguardia tecnol\u00f3gica y, por ello, aceptamos en todo momento las aportaciones y comentarios de nuestros clientes y nos adaptamos a sus necesidades.<\/p>\n<p>Todos los productos se fabrican en la f\u00e1brica aprobada por la norma ISO 9001: 2015: Certificaci\u00f3n de Reg. No 20100 112 005 892.<\/p>\n<p>Las unidades est\u00e1n desarrolladas seg\u00fan la norma TEK 17 y certificadas por el organismo alem\u00e1n TUV Rheinland.<\/p>\n<p>&nbsp;<\/p>\n<p><em>Todos los productos se fabrican en la f\u00e1brica aprobada por la norma ISO 9001: 2015: Certificaci\u00f3n de Reg. No 20100 112 005 892.<\/em><\/p>\n<p><em>Las unidades est\u00e1n desarrolladas seg\u00fan la norma TEK 17 y certificadas por el organismo alem\u00e1n TUV Rheinland.<\/em><\/p>\n<p><em>Los productos de Ensy est\u00e1n certificados para el mercado escandinavo, europeo y ruso.<\/em><\/p>\n<p><a href=\"http:\/\/ensy.no\/images\/dokumentation\/392900-2%20Declaration%20of%20conformity%202015.pdf\">SAMSVARS ERKL\u00c6RING \u2013 DECLARACI\u00d3N DE CONFORMIDAD<\/a><\/p>\n<p>______________________<br \/>\nEdgar \u00d8deg\u00e5rd<br \/>\nCEO[\/vc_column_text][\/vc_column][\/vc_row]<\/p>\n","protected":false},"excerpt":{"rendered":"<p>[vc_row][vc_column width=&#8221;1\/2&#8243;][vc_single_image image=&#8221;153&#8243; img_size=&#8221;medium&#8221;][\/vc_column][vc_column width=&#8221;1\/2&#8243;][vc_single_image image=&#8221;154&#8243; img_size=&#8221;medium&#8221; alignment=&#8221;center&#8221;][\/vc_column][\/vc_row][vc_row][vc_column][vc_column_text]La actividad de ENSY comenz\u00f3 en 1903. A lo largo de los a\u00f1os, la empresa ha suministrado productos de calefacci\u00f3n y ventilaci\u00f3n para ambientes interiores al mercado escandinavo, europeo y ruso. Los productos se han suministrado bajo marcas como Pyrox, Frico, Systemair y Villavent, por nombrar algunas. Desde [&hellip;]<\/p>\n","protected":false},"author":1,"featured_media":0,"parent":0,"menu_order":0,"comment_status":"closed","ping_status":"closed","template":"","meta":{"footnotes":""},"acf":[],"_links":{"self":[{"href":"https:\/\/ensy.no\/es\/wp-json\/wp\/v2\/pages\/6"}],"collection":[{"href":"https:\/\/ensy.no\/es\/wp-json\/wp\/v2\/pages"}],"about":[{"href":"https:\/\/ensy.no\/es\/wp-json\/wp\/v2\/types\/page"}],"author":[{"embeddable":true,"href":"https:\/\/ensy.no\/es\/wp-json\/wp\/v2\/users\/1"}],"replies":[{"embeddable":true,"href":"https:\/\/ensy.no\/es\/wp-json\/wp\/v2\/comments?post=6"}],"version-history":[{"count":7,"href":"https:\/\/ensy.no\/es\/wp-json\/wp\/v2\/pages\/6\/revisions"}],"predecessor-version":[{"id":861,"href":"https:\/\/ensy.no\/es\/wp-json\/wp\/v2\/pages\/6\/revisions\/861"}],"wp:attachment":[{"href":"https:\/\/ensy.no\/es\/wp-json\/wp\/v2\/media?parent=6"}],"curies":[{"name":"wp","href":"https:\/\/api.w.org\/{rel}","templated":true}]}}