{"id":55,"date":"2016-09-23T02:46:10","date_gmt":"2016-09-23T02:46:10","guid":{"rendered":"http:\/\/ensy.no\/es\/?page_id=55"},"modified":"2023-02-22T11:14:50","modified_gmt":"2023-02-22T11:14:50","slug":"distributors","status":"publish","type":"page","link":"https:\/\/ensy.no\/es\/distributors\/","title":{"rendered":"Distribuidores"},"content":{"rendered":"<p>[vc_row][vc_column][vc_column_text]<span style=\"font-weight: 400;\">Nuestros distribuidores ofrecen, adem\u00e1s del c\u00e1lculo de necesidad para viviendas, una amplia gama de productos de ventilaci\u00f3n. Esto les permite ofrecer las soluciones completas que mejor se adaptan a sus necesidades. Ensy vende sus productos s\u00f3lo a trav\u00e9s de distribuidores autorizados que siempre tendr\u00e1n nuestros productos.<\/span>[\/vc_column_text][\/vc_column][\/vc_row][vc_row][vc_column][vc_column_text]<\/p>\n<p><strong>Mca-energy<\/strong><br \/>\nTel: +34638938396<br \/>\nwww.mca-energy.es[\/vc_column_text][\/vc_column][\/vc_row]<\/p>\n","protected":false},"excerpt":{"rendered":"<p>[vc_row][vc_column][vc_column_text]Nuestros distribuidores ofrecen, adem\u00e1s del c\u00e1lculo de necesidad para viviendas, una amplia gama de productos de ventilaci\u00f3n. Esto les permite ofrecer las soluciones completas que mejor se adaptan a sus necesidades. Ensy vende sus productos s\u00f3lo a trav\u00e9s de distribuidores autorizados que siempre tendr\u00e1n nuestros productos.[\/vc_column_text][\/vc_column][\/vc_row][vc_row][vc_column][vc_column_text] Mca-energy Tel: +34638938396 www.mca-energy.es[\/vc_column_text][\/vc_column][\/vc_row]<\/p>\n","protected":false},"author":1,"featured_media":0,"parent":0,"menu_order":0,"comment_status":"closed","ping_status":"closed","template":"","meta":{"footnotes":""},"acf":[],"_links":{"self":[{"href":"https:\/\/ensy.no\/es\/wp-json\/wp\/v2\/pages\/55"}],"collection":[{"href":"https:\/\/ensy.no\/es\/wp-json\/wp\/v2\/pages"}],"about":[{"href":"https:\/\/ensy.no\/es\/wp-json\/wp\/v2\/types\/page"}],"author":[{"embeddable":true,"href":"https:\/\/ensy.no\/es\/wp-json\/wp\/v2\/users\/1"}],"replies":[{"embeddable":true,"href":"https:\/\/ensy.no\/es\/wp-json\/wp\/v2\/comments?post=55"}],"version-history":[{"count":14,"href":"https:\/\/ensy.no\/es\/wp-json\/wp\/v2\/pages\/55\/revisions"}],"predecessor-version":[{"id":800,"href":"https:\/\/ensy.no\/es\/wp-json\/wp\/v2\/pages\/55\/revisions\/800"}],"wp:attachment":[{"href":"https:\/\/ensy.no\/es\/wp-json\/wp\/v2\/media?parent=55"}],"curies":[{"name":"wp","href":"https:\/\/api.w.org\/{rel}","templated":true}]}}